{"id":11,"date":"2017-12-06T14:51:18","date_gmt":"2017-12-06T13:51:18","guid":{"rendered":"http:\/\/ayklwzkabb.cyon.link\/dienstleistungen\/"},"modified":"2017-12-12T11:00:25","modified_gmt":"2017-12-12T10:00:25","slug":"dienstleistungen","status":"publish","type":"page","link":"https:\/\/politexchange.ch\/de\/dienstleistungen\/","title":{"rendered":"Dienstleistungen"},"content":{"rendered":"<article class=\"uk-article\">\n<div class=\"tm-article\">\n<h1>Dienstleistungen<\/h1>\n<p>Sie m\u00f6chten eine Studienreise durchf\u00fchren oder sind angefragt worden, eine Studienreise zu organisieren?<b> <\/b>PolitExchange unterst\u00fctzt Sie dabei \u2013 ganz nach Ihren W\u00fcnschen und Bed\u00fcrfnissen: Von der kompletten Organisation von Studienreisen von A \u2013 Abkl\u00e4ren der Erwartungen bis Z \u2013 Zielorientiertes Reporting und Follow-up, oder in Teilbereichen wie Erstellung des Konzepts, oder Identifikation von Experten und Expertinnen. Gerne kl\u00e4ren wir mit Ihnen ab, wie wir Sie am besten unterst\u00fctzen k\u00f6nnen.<\/p>\n<p>PolitExchange bietet Unterst\u00fctzung f\u00fcr die Konzeption, Organisation, Begleitung und Nachbereitung von Studienreisen, <a title=\"\" href=\"http:\/\/www.politexchange.ch\/index.php\/de\/dienstleistungen\/besuchsdelegationen\" target=\"_blank\" rel=\"noopener\">f\u00fcr Besucherdelegationen<\/a> wie auch <a title=\"\" href=\"http:\/\/www.politexchange.ch\/index.php\/de\/dienstleistungen\/mitglieder-hauptstadtregion\" target=\"_self\">f\u00fcr die gastgebenden Mitglieder der Hauptstadtregion.<\/a> Ein paar <a title=\"\" href=\"http:\/\/www.politexchange.ch\/index.php\/de\/dienstleistungen\/beispiele\" target=\"_self\">beispielhafte Besuchsprogramme<\/a> sollen als Anregung dienen.<\/p>\n<\/div>\n<\/article>\n","protected":false},"excerpt":{"rendered":"<p>Dienstleistungen Sie m\u00f6chten eine Studienreise durchf\u00fchren oder sind angefragt worden, eine Studienreise zu organisieren? PolitExchange unterst\u00fctzt Sie dabei \u2013 ganz nach Ihren W\u00fcnschen und Bed\u00fcrfnissen: Von der kompletten Organisation von Studienreisen von A \u2013 Abkl\u00e4ren der Erwartungen bis Z \u2013 Zielorientiertes Reporting und Follow-up, oder in Teilbereichen wie Erstellung des Konzepts, oder Identifikation von Experten<a class=\"excerpt-read-more\" href=\"https:\/\/politexchange.ch\/de\/dienstleistungen\/\" title=\"ReadDienstleistungen\">&#8230; Read more &raquo;<\/a><\/p>\n","protected":false},"author":1,"featured_media":0,"parent":0,"menu_order":3,"comment_status":"closed","ping_status":"closed","template":"template-full-width.php","meta":{"footnotes":""},"_links":{"self":[{"href":"https:\/\/politexchange.ch\/de\/wp-json\/wp\/v2\/pages\/11"}],"collection":[{"href":"https:\/\/politexchange.ch\/de\/wp-json\/wp\/v2\/pages"}],"about":[{"href":"https:\/\/politexchange.ch\/de\/wp-json\/wp\/v2\/types\/page"}],"author":[{"embeddable":true,"href":"https:\/\/politexchange.ch\/de\/wp-json\/wp\/v2\/users\/1"}],"replies":[{"embeddable":true,"href":"https:\/\/politexchange.ch\/de\/wp-json\/wp\/v2\/comments?post=11"}],"version-history":[{"count":2,"href":"https:\/\/politexchange.ch\/de\/wp-json\/wp\/v2\/pages\/11\/revisions"}],"predecessor-version":[{"id":219,"href":"https:\/\/politexchange.ch\/de\/wp-json\/wp\/v2\/pages\/11\/revisions\/219"}],"wp:attachment":[{"href":"https:\/\/politexchange.ch\/de\/wp-json\/wp\/v2\/media?parent=11"}],"curies":[{"name":"wp","href":"https:\/\/api.w.org\/{rel}","templated":true}]}}