{"id":179,"date":"2017-12-12T10:36:42","date_gmt":"2017-12-12T09:36:42","guid":{"rendered":"http:\/\/ayklwzkabb.cyon.link\/?page_id=179"},"modified":"2018-02-20T12:22:29","modified_gmt":"2018-02-20T11:22:29","slug":"massgeschneiderte-besuchsprogramme","status":"publish","type":"page","link":"https:\/\/politexchange.ch\/de\/fokus\/massgeschneiderte-besuchsprogramme\/","title":{"rendered":"Massgeschneiderte Besuchsprogramme"},"content":{"rendered":"<article class=\"uk-article\">\n<div class=\"tm-article\">\n<h1>Massgeschneiderte Besuchsprogramme<\/h1>\n<p>Unsere Studienreisen bieten einen Einblick in konzeptionelle Ans\u00e4tze und praktische Erfahrungen mit Governance-Themen in der Schweiz. Die Besuche sollen die St\u00e4rken und Schw\u00e4chen eines funktionierenden Systems zeigen, zur Reflexion anregen, das Verst\u00e4ndnis der Besucherdelegation f\u00fcr die eigenen Herausforderungen f\u00f6rdern und Ideen f\u00fcr innovative L\u00f6sungen geben. Aber auch die besuchten Institutionen k\u00f6nnen vom Austausch profitieren. Sie haben die Gelegenheit, ihre eigenen Erfahrungen aus einer neuen Perspektive zu reflektieren, einem interessierten Publikum zu pr\u00e4sentieren und dar\u00fcber zu diskutieren.<\/p>\n<p>Wir organisieren massgeschneiderte Studienbesuche von einigen Tagen bis zu ca. zwei Wochen. Wir bringen die BesucherInnen in Kontakt mit relevanten Institutionen und Expertinnen und Experten, die bereit sind, ihre Expertise und praktische Erfahrungen zu teilen und zu reflektieren. In methodischer Hinsicht sind wir \u00fcberzeugt, dass der pers\u00f6nliche Kontakt und die gemeinsame Diskussion unter Berufskolleginnen und -kollegen ein praxisorientiertes Lernen f\u00f6rdern.<\/p>\n<p><strong><a title=\"\" href=\"http:\/\/politexchange.ch\/dienstleistungen\/beispiele-fuer-studienreisen\/\" target=\"_blank\" rel=\"noopener\">Hier finden Sie Beispiele f\u00fcr Studienreisen.<\/a><\/strong><\/p>\n<\/div>\n<\/article>\n","protected":false},"excerpt":{"rendered":"<p>Massgeschneiderte Besuchsprogramme Unsere Studienreisen bieten einen Einblick in konzeptionelle Ans\u00e4tze und praktische Erfahrungen mit Governance-Themen in der Schweiz. Die Besuche sollen die St\u00e4rken und Schw\u00e4chen eines funktionierenden Systems zeigen, zur Reflexion anregen, das Verst\u00e4ndnis der Besucherdelegation f\u00fcr die eigenen Herausforderungen f\u00f6rdern und Ideen f\u00fcr innovative L\u00f6sungen geben. Aber auch die besuchten Institutionen k\u00f6nnen vom Austausch<a class=\"excerpt-read-more\" href=\"https:\/\/politexchange.ch\/de\/fokus\/massgeschneiderte-besuchsprogramme\/\" title=\"ReadMassgeschneiderte Besuchsprogramme\">&#8230; Read more &raquo;<\/a><\/p>\n","protected":false},"author":5,"featured_media":0,"parent":10,"menu_order":0,"comment_status":"closed","ping_status":"closed","template":"template-full-width.php","meta":{"footnotes":""},"_links":{"self":[{"href":"https:\/\/politexchange.ch\/de\/wp-json\/wp\/v2\/pages\/179"}],"collection":[{"href":"https:\/\/politexchange.ch\/de\/wp-json\/wp\/v2\/pages"}],"about":[{"href":"https:\/\/politexchange.ch\/de\/wp-json\/wp\/v2\/types\/page"}],"author":[{"embeddable":true,"href":"https:\/\/politexchange.ch\/de\/wp-json\/wp\/v2\/users\/5"}],"replies":[{"embeddable":true,"href":"https:\/\/politexchange.ch\/de\/wp-json\/wp\/v2\/comments?post=179"}],"version-history":[{"count":2,"href":"https:\/\/politexchange.ch\/de\/wp-json\/wp\/v2\/pages\/179\/revisions"}],"predecessor-version":[{"id":367,"href":"https:\/\/politexchange.ch\/de\/wp-json\/wp\/v2\/pages\/179\/revisions\/367"}],"up":[{"embeddable":true,"href":"https:\/\/politexchange.ch\/de\/wp-json\/wp\/v2\/pages\/10"}],"wp:attachment":[{"href":"https:\/\/politexchange.ch\/de\/wp-json\/wp\/v2\/media?parent=179"}],"curies":[{"name":"wp","href":"https:\/\/api.w.org\/{rel}","templated":true}]}}