{"id":189,"date":"2017-12-12T10:40:03","date_gmt":"2017-12-12T09:40:03","guid":{"rendered":"http:\/\/ayklwzkabb.cyon.link\/?page_id=189"},"modified":"2017-12-13T18:43:33","modified_gmt":"2017-12-13T17:43:33","slug":"governance-erfahrungen","status":"publish","type":"page","link":"https:\/\/politexchange.ch\/de\/fokus\/governance-erfahrungen\/","title":{"rendered":"Governance-Erfahrungen"},"content":{"rendered":"<article class=\"uk-article\">\n<div class=\"tm-article\">\n<h3>Governance-Erfahrungen: anschaulich &#8211; greifbar &#8211; nutzbar<\/h3>\n<p>Das Schweizer Staatssystem hat Besonderheiten, die es f\u00fcr Besucherinnen und Besucher aus aller Welt interessant machen:<\/p>\n<ul>\n<li><strong>F\u00f6deralismus und Dezentralisierung<\/strong>: Auf drei staatlichen Ebenen erf\u00fcllen der Bund, die Kantone und Gemeinden \u00f6ffentliche Aufgaben und erbringen Dienstleistungen auf hohem Niveau, oft in eigener Verantwortung, aber in enger Zusammenarbeit und Koordination und mit Finanzierungssystemen, die Ausgleich schaffen.<\/li>\n<li><strong>Ber\u00fccksichtigung von kultureller, sprachlicher und religi\u00f6ser Diversit\u00e4t:<\/strong> Staatliche Entscheidungsmechanismen, Institutionen und Verfahren lassen Raum f\u00fcr die Mitwirkung und Ber\u00fccksichtigung der Positionen verschiedener sprachlicher Gruppen und unterschiedlicher politischer Couleur.<\/li>\n<li><strong>direktdemokratische Instrumente<\/strong>: Verfassungsinitiative, Gesetzes- und Verwaltungsreferenden geben der Bev\u00f6lkerung die M\u00f6glichkeit der direkten Mitsprache in vielen Entscheidungen;<\/li>\n<li><strong>Powersharing, Konsensorientierung und Konkordanz<\/strong>: Die Regierungen folgen einer Strategie der Einbindung politischer Mehr- und Minderheiten in die Regierungsverantwortung (Konkordanz), und die Entscheidungsprozesse f\u00f6rdern die Konsensorientierung in der Politik, auf Ebene von Bund, Kantonen und Gemeinden<\/li>\n<\/ul>\n<p>Als Politzentrum der Schweiz k\u00f6nnen die Mitglieder der Hauptstadtregion zu vielen Themen konkrete Anschauung und praktische Einsichten in komplexe Zusammenh\u00e4nge bieten:<\/p>\n<ul>\n<li>Wie gehen die kantonalen und kommunalen Beh\u00f6rden mit den immer neuen Herausforderungen in der Steuerung, Organisation und Finanzierung von \u00f6ffentlichen Aufgaben und Dienstleistungen um, zum Beispiel in den Bereichen Wasserversorgung, Abwasser- und Abfallentsorgung, Energie, \u00f6ffentlicher Verkehr, Bau und Unterhalt von \u00f6ffentlicher Infrastruktur, Bildung und Erziehung, Raumplanung, Umwelt- und Landschaftsschutz, Wirtschaftsf\u00f6rderung, Tourismusf\u00f6rderung, \u00f6ffentliche Sicherheit, Sozialhilfe, Migration und Integration?<\/li>\n<li>Wie werden die politischen Entscheidungsprozesse organisiert, etwa in zweisprachigen Kantonen und Gemeinden? Wie bringen sich zivilgesellschaftliche Gruppen in politische Prozesse ein?<\/li>\n<li>Wie arbeiten die verschiedenen staatlichen Ebenen zusammen? Wie ist der Finanzausgleich zwischen Bund, Kantonen und Gemeinden organisiert? Wie funktioniert die Aufsicht \u00fcber Gemeinden und Kantone?<\/li>\n<li>Wie wird Verantwortlichkeit (\u201eaccountability\u201c) hergestellt und Macht kontrolliert?<\/li>\n<li>Wie wird mit Interessenkonflikten zum Beispiel im Zusammenhang mit grossen Infrastrukturprojekten umgegangen? Wie wird die betroffene Bev\u00f6lkerung konsultiert? Wie werden konstruktive L\u00f6sungen gesucht und Konflikte bearbeitet?<\/li>\n<li>Wie funktionieren Wahlen und die direktdemokratischen Instrumente auf den verschiedenen Ebenen?<\/li>\n<\/ul>\n<\/div>\n<\/article>\n","protected":false},"excerpt":{"rendered":"<p>Governance-Erfahrungen: anschaulich &#8211; greifbar &#8211; nutzbar Das Schweizer Staatssystem hat Besonderheiten, die es f\u00fcr Besucherinnen und Besucher aus aller Welt interessant machen: F\u00f6deralismus und Dezentralisierung: Auf drei staatlichen Ebenen erf\u00fcllen der Bund, die Kantone und Gemeinden \u00f6ffentliche Aufgaben und erbringen Dienstleistungen auf hohem Niveau, oft in eigener Verantwortung, aber in enger Zusammenarbeit und Koordination und<a class=\"excerpt-read-more\" href=\"https:\/\/politexchange.ch\/de\/fokus\/governance-erfahrungen\/\" title=\"ReadGovernance-Erfahrungen\">&#8230; Read more &raquo;<\/a><\/p>\n","protected":false},"author":5,"featured_media":0,"parent":10,"menu_order":0,"comment_status":"closed","ping_status":"closed","template":"template-full-width.php","meta":{"footnotes":""},"_links":{"self":[{"href":"https:\/\/politexchange.ch\/de\/wp-json\/wp\/v2\/pages\/189"}],"collection":[{"href":"https:\/\/politexchange.ch\/de\/wp-json\/wp\/v2\/pages"}],"about":[{"href":"https:\/\/politexchange.ch\/de\/wp-json\/wp\/v2\/types\/page"}],"author":[{"embeddable":true,"href":"https:\/\/politexchange.ch\/de\/wp-json\/wp\/v2\/users\/5"}],"replies":[{"embeddable":true,"href":"https:\/\/politexchange.ch\/de\/wp-json\/wp\/v2\/comments?post=189"}],"version-history":[{"count":1,"href":"https:\/\/politexchange.ch\/de\/wp-json\/wp\/v2\/pages\/189\/revisions"}],"predecessor-version":[{"id":190,"href":"https:\/\/politexchange.ch\/de\/wp-json\/wp\/v2\/pages\/189\/revisions\/190"}],"up":[{"embeddable":true,"href":"https:\/\/politexchange.ch\/de\/wp-json\/wp\/v2\/pages\/10"}],"wp:attachment":[{"href":"https:\/\/politexchange.ch\/de\/wp-json\/wp\/v2\/media?parent=189"}],"curies":[{"name":"wp","href":"https:\/\/api.w.org\/{rel}","templated":true}]}}