{"id":199,"date":"2017-12-12T10:45:28","date_gmt":"2017-12-12T09:45:28","guid":{"rendered":"http:\/\/ayklwzkabb.cyon.link\/?page_id=199"},"modified":"2017-12-13T18:44:31","modified_gmt":"2017-12-13T17:44:31","slug":"fuer-besucherinnen-aus-dem-ausland","status":"publish","type":"page","link":"https:\/\/politexchange.ch\/de\/fokus\/fuer-besucherinnen-aus-dem-ausland\/","title":{"rendered":"F\u00fcr BesucherInnen aus dem Ausland"},"content":{"rendered":"<h1>F\u00fcr BesucherInnen aus dem Ausland<\/h1>\n<p>Das Angebot von PolitExchange richtet sich in erster Linie an Delegationen aus dem Ausland, die sich f\u00fcr die Schweizer Erfahrung interessieren und sie als Anregung &#8211; nicht als Kopiervorlage &#8211;\u00a0 f\u00fcr die eigene Reflexion nutzen wollen. Zum Beispiel:<\/p>\n<ul>\n<li>Institutionen und Verwaltungsbeh\u00f6rden, die ein funktionierendes f\u00f6derales oder dezentralisiertes Politsystem und die verschiedenen Konsultations- und Zusammenarbeitsmechanismen darin kennen lernen m\u00f6chten;<\/li>\n<li>Institutionen und Verwaltungsbeh\u00f6rden, die den Umgang des Schweizer Systems mit spezifischen \u00f6ffentlichen Aufgaben kennen lernen m\u00f6chten (zu den Themen vgl. link);<\/li>\n<li>Parlamentarierinnen und Parlamentarier, welche sich f\u00fcr die Erfahrungen der Schweizer Parlamente auf nationaler, kantonaler und kommunaler Ebene und das Zusammenspiel der verschiedenen politischen Ebenen in der Schweiz interessieren;<\/li>\n<li>Exponentinnen und Exponenten von politischen Parteien oder anderen politischen Organisationen, die sich f\u00fcr die politische Meinungsbildung, die Gestaltung der politischen Prozesse, die verschiedenen Konsultationsformen, Initiativ- und Referendumsm\u00f6glichkeiten interessieren.<\/li>\n<li>Vertreter von Beh\u00f6rden und Akteure der Zivilgesellschaft, die gefordert sind, in politischen Protzessen kreative L\u00f6sungen zu entwickeln.<\/li>\n<\/ul>\n","protected":false},"excerpt":{"rendered":"<p>F\u00fcr BesucherInnen aus dem Ausland Das Angebot von PolitExchange richtet sich in erster Linie an Delegationen aus dem Ausland, die sich f\u00fcr die Schweizer Erfahrung interessieren und sie als Anregung &#8211; nicht als Kopiervorlage &#8211;\u00a0 f\u00fcr die eigene Reflexion nutzen wollen. Zum Beispiel: Institutionen und Verwaltungsbeh\u00f6rden, die ein funktionierendes f\u00f6derales oder dezentralisiertes Politsystem und die<a class=\"excerpt-read-more\" href=\"https:\/\/politexchange.ch\/de\/fokus\/fuer-besucherinnen-aus-dem-ausland\/\" title=\"ReadF\u00fcr BesucherInnen aus dem Ausland\">&#8230; Read more &raquo;<\/a><\/p>\n","protected":false},"author":5,"featured_media":0,"parent":10,"menu_order":0,"comment_status":"closed","ping_status":"closed","template":"template-full-width.php","meta":{"footnotes":""},"_links":{"self":[{"href":"https:\/\/politexchange.ch\/de\/wp-json\/wp\/v2\/pages\/199"}],"collection":[{"href":"https:\/\/politexchange.ch\/de\/wp-json\/wp\/v2\/pages"}],"about":[{"href":"https:\/\/politexchange.ch\/de\/wp-json\/wp\/v2\/types\/page"}],"author":[{"embeddable":true,"href":"https:\/\/politexchange.ch\/de\/wp-json\/wp\/v2\/users\/5"}],"replies":[{"embeddable":true,"href":"https:\/\/politexchange.ch\/de\/wp-json\/wp\/v2\/comments?post=199"}],"version-history":[{"count":1,"href":"https:\/\/politexchange.ch\/de\/wp-json\/wp\/v2\/pages\/199\/revisions"}],"predecessor-version":[{"id":200,"href":"https:\/\/politexchange.ch\/de\/wp-json\/wp\/v2\/pages\/199\/revisions\/200"}],"up":[{"embeddable":true,"href":"https:\/\/politexchange.ch\/de\/wp-json\/wp\/v2\/pages\/10"}],"wp:attachment":[{"href":"https:\/\/politexchange.ch\/de\/wp-json\/wp\/v2\/media?parent=199"}],"curies":[{"name":"wp","href":"https:\/\/api.w.org\/{rel}","templated":true}]}}