{"id":2,"date":"2017-12-05T17:36:56","date_gmt":"2017-12-05T16:36:56","guid":{"rendered":"http:\/\/ayklwzkabb.cyon.link\/?page_id=2"},"modified":"2018-10-23T16:31:14","modified_gmt":"2018-10-23T14:31:14","slug":"home","status":"publish","type":"page","link":"https:\/\/politexchange.ch\/de\/","title":{"rendered":"Home"},"content":{"rendered":"<h1>Governance &#8211; aus der N\u00e4he<\/h1>\n<p>Governance-Fragen stellen sich auf der ganzen Welt, wenn auch \u00fcberall etwas anders, zum Beispiel: Wie funktioniert das Zusammenspiel zwischen Parlament und Regierung? Wie werden verschiedene Gruppen an der Macht beteiligt? Welche Befugnisse und Ressourcen haben die Regionen und Gemeinden? Wie wird die Kooperation zwischen verschiedenen Staatsebenen sichergestellt? Wie wird Transparenz und Verantwortlichkeit (\u00abaccountability\u00bb) von Regierung und Verwaltung im Umgang mit \u00f6ffentlichen Aufgaben geschaffen? Wie organisiert und finanziert man \u00f6ffentliche Dienstleistungen effizient und bed\u00fcrfnisorientiert? Welche M\u00f6glichkeiten hat die Bev\u00f6lkerung, Entscheide zu beeinflussen oder gar selbst zu treffen? Wie kann der friedliche Umgang mit Interessenskonflikten gef\u00f6rdert werden?<\/p>\n<p>Ziel von PolitExchange ist es, die Schweizer Erfahrungen am Beispiel der Hauptstadtregion Schweiz f\u00fcr Besucherinnen und Besucher aus dem Ausland greifbar zu machen. PolitExchange organisiert Studienreisen f\u00fcr Besuchsdelegationen, die sich f\u00fcr die schweizerische Erfahrung interessieren und daraus Anregungen f\u00fcr ihre eigenen Vorhaben holen wollen. Als Kompetenzzentrum der Hauptstadtregion Schweiz kann PolitExchange vielf\u00e4ltige praktische Erfahrungen auf allen staatlichen Ebenen zug\u00e4nglich machen und als Br\u00fccke f\u00fcr den Austausch zwischen interessierten Besucherinnen und Besuchern und den Mitgliedern der Hauptstadtregion dienen. PolitExchange wird von der Ximpulse GmbH gef\u00fchrt, welche sicherstellt, dass die Schweizer Erfahrungen f\u00fcr die Besuchsdelegationen kontextgerecht vermittelt werden.<\/p>\n","protected":false},"excerpt":{"rendered":"<p>Governance &#8211; aus der N\u00e4he Governance-Fragen stellen sich auf der ganzen Welt, wenn auch \u00fcberall etwas anders, zum Beispiel: Wie funktioniert das Zusammenspiel zwischen Parlament und Regierung? Wie werden verschiedene Gruppen an der Macht beteiligt? Welche Befugnisse und Ressourcen haben die Regionen und Gemeinden? Wie wird die Kooperation zwischen verschiedenen Staatsebenen sichergestellt? Wie wird Transparenz<a class=\"excerpt-read-more\" href=\"https:\/\/politexchange.ch\/de\/\" title=\"ReadHome\">&#8230; Read more &raquo;<\/a><\/p>\n","protected":false},"author":1,"featured_media":0,"parent":0,"menu_order":0,"comment_status":"closed","ping_status":"open","template":"template-start.php","meta":{"footnotes":""},"_links":{"self":[{"href":"https:\/\/politexchange.ch\/de\/wp-json\/wp\/v2\/pages\/2"}],"collection":[{"href":"https:\/\/politexchange.ch\/de\/wp-json\/wp\/v2\/pages"}],"about":[{"href":"https:\/\/politexchange.ch\/de\/wp-json\/wp\/v2\/types\/page"}],"author":[{"embeddable":true,"href":"https:\/\/politexchange.ch\/de\/wp-json\/wp\/v2\/users\/1"}],"replies":[{"embeddable":true,"href":"https:\/\/politexchange.ch\/de\/wp-json\/wp\/v2\/comments?post=2"}],"version-history":[{"count":10,"href":"https:\/\/politexchange.ch\/de\/wp-json\/wp\/v2\/pages\/2\/revisions"}],"predecessor-version":[{"id":454,"href":"https:\/\/politexchange.ch\/de\/wp-json\/wp\/v2\/pages\/2\/revisions\/454"}],"wp:attachment":[{"href":"https:\/\/politexchange.ch\/de\/wp-json\/wp\/v2\/media?parent=2"}],"curies":[{"name":"wp","href":"https:\/\/api.w.org\/{rel}","templated":true}]}}