{"id":244,"date":"2017-12-13T16:07:27","date_gmt":"2017-12-13T15:07:27","guid":{"rendered":"http:\/\/ayklwzkabb.cyon.link\/?page_id=244"},"modified":"2018-02-20T12:26:48","modified_gmt":"2018-02-20T11:26:48","slug":"dezentralisierung","status":"publish","type":"page","link":"https:\/\/politexchange.ch\/de\/dienstleistungen\/beispiele-fuer-studienreisen\/dezentralisierung\/","title":{"rendered":"Dezentralisierung"},"content":{"rendered":"<h1>Beispiel &#8222;Dezentralisierung&#8220;<\/h1>\n<p><strong>Besucherdelegation: <\/strong>hochrangige Beamte der Institutionen eines Landes, die f\u00fcr strategische und operative Entscheide im Zusammenhang mit der Dezentralisierung zust\u00e4ndig sind; Vertreter\/innen von Regionen und Gemeinden<\/p>\n<p><strong>Ziel der Studienreise: <\/strong>Kennenlernen eines funktionierenden dezentralisierten Systems (Rollen und Aufgabenteilung zwischen Zentrale und dezentralen Einheiten, finanzieller Ausgleich, Rechtsschutz und Aufsicht, Zusammenarbeit), Reflexion \u00fcber Herausforderungen und L\u00f6sungsans\u00e4tze<strong>.<\/strong><\/p>\n<h2><strong>Programm\u00fcbersicht<\/strong><\/h2>\n<p><strong>Tag 1: Einf\u00fchrung ins politische System der Schweiz<\/strong><\/p>\n<ul>\n<li>Offizieller Empfang der Delegation<\/li>\n<li>Einf\u00fchrung durch Experten (gem\u00e4ss spezifischen Interessen der Delegation): Institutionen, politische Prozesse und Prinzipien des f\u00f6deralen und dezentralen Schweizer Systems (wie Kompromiss- und Konsensorientierung, Subsidiarit\u00e4t, fiskalische \u00c4quivalenz etc)<\/li>\n<li>Tour de Berne mit Fokus auf erlebbare Governance (die politischen Institutionen von Bund, Kanton, Stadt, mit Erkl\u00e4rungen zur dreistufigen Organisation der Schweiz)<\/li>\n<\/ul>\n<p><strong>Tag 2: Gemeinden und ihre Aufgaben: Besuch und Augenschein bei einer st\u00e4dtischen Gemeinde der Hauptstadtregion Schweiz<\/strong><\/p>\n<ul>\n<li>Pr\u00e4sentationen der Gemeindebeh\u00f6rden, mit Diskussion: Welche Aufgaben hat eine Gemeinde? Wie finanziert sie ihre Aufgaben? Wer trifft Entscheide, und in welchen Verfahren? Mitsprachem\u00f6glichkeiten der B\u00fcrgerinnen und B\u00fcrger? Zusammenarbeit mit Nachbargemeinden? Herausforderungen?<\/li>\n<li>Besuch der Gemeindeverwaltung und\/oder einer Gemeindeinstitution: Wie sieht die Aufgabenerf\u00fcllung in einem konkreten Aufgabengebiet aus, z.B. bei der Wasserversorgung, Abfallentsorgung, Feuerwehr? Wie lagert die Gemeinde Aufgaben an Private aus (Public-Private-Partnership)?<\/li>\n<\/ul>\n<p><strong>Tag 3: Die Rolle der Kantone <\/strong><\/p>\n<ul>\n<li>Pr\u00e4sentation von und Diskussion mit den kantonalen Beh\u00f6rden der Hauptstadtregion Schweiz, die f\u00fcr die Aufsicht \u00fcber die Gemeinden zust\u00e4ndig sind.<\/li>\n<li>Pr\u00e4sentation von und Diskussion mit den kantonalen Finanzbeh\u00f6rden, die f\u00fcr den Finanzausgleich zwischen den Gemeinden zust\u00e4ndig sind: verschiedene Formen des Finanzausgleichs, Herausforderungen<\/li>\n<\/ul>\n<p><strong>Tag 4: Gemeinden und ihre Aufgaben: Besuch und Augenschein bei einer l\u00e4ndlichen Gemeinde der Hauptstadtregion Schweiz (Programm analog Tag 2)<\/strong><\/p>\n<p><strong>Tag 5: Zusammenarbeit zwischen den Gemeinden<\/strong><\/p>\n<ul>\n<li>Pr\u00e4sentation von und Diskussion mit dem kantonalen Verband der Gemeinden in der Hauptstadtregion Schweiz: Lobbyarbeit f\u00fcr die Gemeinden gegen\u00fcber kantonaler Gesetzgebung und Verwaltung, Unterst\u00fctzung der Gemeinden in ihrer Arbeit<\/li>\n<li>Besuch bei einer Regionalkonferenz, Pr\u00e4sentation und Diskussion<\/li>\n<\/ul>\n<p><strong>Tag 6: Gemeinsame Reflexion<\/strong><\/p>\n<ul>\n<li>Was hat die Besuchsdelegation \u00fcberrascht? Offene Fragen?<\/li>\n<li>Welche Erkenntnisse nehmen die einzelnen Besucherinnen und Besucher mit nach Hause?<\/li>\n<li>Wie lassen sich die Erkenntnisse im eigenen Kontext nutzen?<\/li>\n<\/ul>\n","protected":false},"excerpt":{"rendered":"<p>Beispiel &#8222;Dezentralisierung&#8220; Besucherdelegation: hochrangige Beamte der Institutionen eines Landes, die f\u00fcr strategische und operative Entscheide im Zusammenhang mit der Dezentralisierung zust\u00e4ndig sind; Vertreter\/innen von Regionen und Gemeinden Ziel der Studienreise: Kennenlernen eines funktionierenden dezentralisierten Systems (Rollen und Aufgabenteilung zwischen Zentrale und dezentralen Einheiten, finanzieller Ausgleich, Rechtsschutz und Aufsicht, Zusammenarbeit), Reflexion \u00fcber Herausforderungen und L\u00f6sungsans\u00e4tze. Programm\u00fcbersicht<a class=\"excerpt-read-more\" href=\"https:\/\/politexchange.ch\/de\/dienstleistungen\/beispiele-fuer-studienreisen\/dezentralisierung\/\" title=\"ReadDezentralisierung\">&#8230; Read more &raquo;<\/a><\/p>\n","protected":false},"author":5,"featured_media":0,"parent":32,"menu_order":0,"comment_status":"closed","ping_status":"closed","template":"template-full-width.php","meta":{"footnotes":""},"_links":{"self":[{"href":"https:\/\/politexchange.ch\/de\/wp-json\/wp\/v2\/pages\/244"}],"collection":[{"href":"https:\/\/politexchange.ch\/de\/wp-json\/wp\/v2\/pages"}],"about":[{"href":"https:\/\/politexchange.ch\/de\/wp-json\/wp\/v2\/types\/page"}],"author":[{"embeddable":true,"href":"https:\/\/politexchange.ch\/de\/wp-json\/wp\/v2\/users\/5"}],"replies":[{"embeddable":true,"href":"https:\/\/politexchange.ch\/de\/wp-json\/wp\/v2\/comments?post=244"}],"version-history":[{"count":4,"href":"https:\/\/politexchange.ch\/de\/wp-json\/wp\/v2\/pages\/244\/revisions"}],"predecessor-version":[{"id":369,"href":"https:\/\/politexchange.ch\/de\/wp-json\/wp\/v2\/pages\/244\/revisions\/369"}],"up":[{"embeddable":true,"href":"https:\/\/politexchange.ch\/de\/wp-json\/wp\/v2\/pages\/32"}],"wp:attachment":[{"href":"https:\/\/politexchange.ch\/de\/wp-json\/wp\/v2\/media?parent=244"}],"curies":[{"name":"wp","href":"https:\/\/api.w.org\/{rel}","templated":true}]}}