{"id":30,"date":"2017-12-06T18:00:42","date_gmt":"2017-12-06T17:00:42","guid":{"rendered":"http:\/\/ayklwzkabb.cyon.link\/dienstleistungen\/fuer-die-besuchsdelegationen\/"},"modified":"2017-12-12T11:00:54","modified_gmt":"2017-12-12T10:00:54","slug":"fuer-die-besuchsdelegationen","status":"publish","type":"page","link":"https:\/\/politexchange.ch\/de\/dienstleistungen\/fuer-die-besuchsdelegationen\/","title":{"rendered":"F\u00fcr die Besuchsdelegationen"},"content":{"rendered":"<article class=\"uk-article\">\n<div class=\"tm-article\">\n<h1>F\u00fcr die Besuchsdelegationen<\/h1>\n<p>Sie m\u00f6chten eine Studienreise durchf\u00fchren oder sind angefragt worden, eine Studienreise zu organisieren? PolitExchange unterst\u00fctzt Sie dabei \u2013 ganz nach Ihren W\u00fcnschen und Bed\u00fcrfnissen: Von der\u00a0kompletten Organisation von Studienreisen von A \u2013 Abkl\u00e4ren der Erwartungen bis Z \u2013 Zielorientiertes Reporting und Follow-up, oder in Teilbereichen wie\u00a0Erstellung des Konzepts, oder\u00a0Identifikation von Experten und Expertinnen. Gerne kl\u00e4ren wir mit Ihnen ab, wie wir Sie am besten unterst\u00fctzen k\u00f6nnen.<\/p>\n<p>Unsere Dienstleistungen:<\/p>\n<ul>\n<li>Vorabkl\u00e4rung der Bed\u00fcrfnisse der Delegation und\u00a0ihrer Interessen,\u00a0Identifikation der Themen;<\/li>\n<li>Pr\u00fcfung allf\u00e4lliger politischer Risiken;<\/li>\n<li>Identifikation der Institutionen und Personen aus der Hauptstadtregion (und dar\u00fcber hinaus) mit\u00a0Expertise zum Thema der Studienreise;<\/li>\n<li>Gestaltung des Programms, Anfrage der Expertinnen und Experten, Organisation von Logistik;<\/li>\n<li>Vorbereitende Information \u00fcber den Schweizer Kontext, sowie Information der Expertinnen und Experten in der Schweiz\u00a0\u00fcber die Erwartungen der Delegation;<\/li>\n<li>Unterst\u00fctzung der Expertinnen und Experten\u00a0in der Gestaltung ihrer Pr\u00e4sentationen;<\/li>\n<li>Begleitung und fachliche Betreuung der Delegation w\u00e4hrend des Besuches (Interkulturelle \u00dcbersetzung, Erwartungsmanagement, Beantwortung offener Fragen, Reflexion \u00fcber das Erlebte\/Gesehene, feedback loops, weiterf\u00fchrende themenspezifische oder methodenspezifische Workshops);<\/li>\n<li>Thematische Experteninputs\u00a0(z.B. Einf\u00fchrung ins politische System der Schweiz);<\/li>\n<li>Nachbereitung des Besuches und Identifikation von n\u00e4chsten Schritten zur \u00dcbertragen des Gelernten in den eigenen Kontext.<\/li>\n<\/ul>\n<\/div>\n<\/article>\n","protected":false},"excerpt":{"rendered":"<p>F\u00fcr die Besuchsdelegationen Sie m\u00f6chten eine Studienreise durchf\u00fchren oder sind angefragt worden, eine Studienreise zu organisieren? PolitExchange unterst\u00fctzt Sie dabei \u2013 ganz nach Ihren W\u00fcnschen und Bed\u00fcrfnissen: Von der\u00a0kompletten Organisation von Studienreisen von A \u2013 Abkl\u00e4ren der Erwartungen bis Z \u2013 Zielorientiertes Reporting und Follow-up, oder in Teilbereichen wie\u00a0Erstellung des Konzepts, oder\u00a0Identifikation von Experten und<a class=\"excerpt-read-more\" href=\"https:\/\/politexchange.ch\/de\/dienstleistungen\/fuer-die-besuchsdelegationen\/\" title=\"ReadF\u00fcr die Besuchsdelegationen\">&#8230; Read more &raquo;<\/a><\/p>\n","protected":false},"author":1,"featured_media":0,"parent":11,"menu_order":1,"comment_status":"closed","ping_status":"closed","template":"template-full-width.php","meta":{"footnotes":""},"_links":{"self":[{"href":"https:\/\/politexchange.ch\/de\/wp-json\/wp\/v2\/pages\/30"}],"collection":[{"href":"https:\/\/politexchange.ch\/de\/wp-json\/wp\/v2\/pages"}],"about":[{"href":"https:\/\/politexchange.ch\/de\/wp-json\/wp\/v2\/types\/page"}],"author":[{"embeddable":true,"href":"https:\/\/politexchange.ch\/de\/wp-json\/wp\/v2\/users\/1"}],"replies":[{"embeddable":true,"href":"https:\/\/politexchange.ch\/de\/wp-json\/wp\/v2\/comments?post=30"}],"version-history":[{"count":2,"href":"https:\/\/politexchange.ch\/de\/wp-json\/wp\/v2\/pages\/30\/revisions"}],"predecessor-version":[{"id":220,"href":"https:\/\/politexchange.ch\/de\/wp-json\/wp\/v2\/pages\/30\/revisions\/220"}],"up":[{"embeddable":true,"href":"https:\/\/politexchange.ch\/de\/wp-json\/wp\/v2\/pages\/11"}],"wp:attachment":[{"href":"https:\/\/politexchange.ch\/de\/wp-json\/wp\/v2\/media?parent=30"}],"curies":[{"name":"wp","href":"https:\/\/api.w.org\/{rel}","templated":true}]}}