{"id":31,"date":"2017-12-06T18:00:42","date_gmt":"2017-12-06T17:00:42","guid":{"rendered":"http:\/\/ayklwzkabb.cyon.link\/dienstleistungen\/fuer-die-mitglieder-der-hauptstadtregion\/"},"modified":"2018-02-20T12:52:40","modified_gmt":"2018-02-20T11:52:40","slug":"fuer-die-mitglieder-der-hauptstadtregion","status":"publish","type":"page","link":"https:\/\/politexchange.ch\/de\/dienstleistungen\/fuer-die-mitglieder-der-hauptstadtregion\/","title":{"rendered":"F\u00fcr die Mitglieder der Hauptstadtregion"},"content":{"rendered":"<article class=\"uk-article\">\n<div class=\"tm-article\">\n<h1>F\u00fcr die Mitglieder der Hauptstadtregion<\/h1>\n<p>Sie werden als Mitglied der<strong>\u00a0<\/strong><a href=\"https:\/\/www.hauptstadtregion.ch\/\" target=\"_blank\" rel=\"noopener\">Hauptstadtregio<\/a><a href=\"https:\/\/www.hauptstadtregion.ch\/\" target=\"_blank\" rel=\"noopener\">n Schweiz<\/a> direkt beauftragt, eine Studienreise zu organisieren? Wir unterst\u00fctzen Sie gerne.<\/p>\n<p><strong>Unsere Dienstleistungen:<\/strong><\/p>\n<ul>\n<li>Hintergrundinformationen zur Identifikation der anfragenden Institutionen und Beurteilung des Interesses an einer inhaltlichen Auseinandersetzung mit Erfahrungen der Hauptstadtregion Schweiz;<\/li>\n<li>Information\u00a0\u00fcber den politischen Hintergrund von ausl\u00e4ndischen Delegationen und interkulturellen Herausforderungen;<\/li>\n<li>Pr\u00fcfung allf\u00e4lliger Risiken, welche mit dem Empfang der Delegation f\u00fcr die Hauptstadtregion\u00a0und ihre Mitglieder verbunden sein k\u00f6nnten;<\/li>\n<li>Methodische Unterst\u00fctzung und Beratung in der Gestaltung der Pr\u00e4sentationen von Erfahrungen, die den Bed\u00fcrfnissen der Besucherdelegation entsprechen;<\/li>\n<li>Vernetzung und Erfahrungsaustausch mit anderen Mitgliedern der Hauptstadtregion Schweiz, die ausl\u00e4ndische Besucherdelegationen empfangen.<\/li>\n<li>Nat\u00fcrlich k\u00f6nnen Sie uns auch beauftragen, Teile oder die gesamte Studienreise zu konzipieren, organisieren und zu begleiten.<\/li>\n<\/ul>\n<\/div>\n<\/article>\n","protected":false},"excerpt":{"rendered":"<p>F\u00fcr die Mitglieder der Hauptstadtregion Sie werden als Mitglied der\u00a0Hauptstadtregion Schweiz direkt beauftragt, eine Studienreise zu organisieren? Wir unterst\u00fctzen Sie gerne. Unsere Dienstleistungen: Hintergrundinformationen zur Identifikation der anfragenden Institutionen und Beurteilung des Interesses an einer inhaltlichen Auseinandersetzung mit Erfahrungen der Hauptstadtregion Schweiz; Information\u00a0\u00fcber den politischen Hintergrund von ausl\u00e4ndischen Delegationen und interkulturellen Herausforderungen; Pr\u00fcfung allf\u00e4lliger Risiken,<a class=\"excerpt-read-more\" href=\"https:\/\/politexchange.ch\/de\/dienstleistungen\/fuer-die-mitglieder-der-hauptstadtregion\/\" title=\"ReadF\u00fcr die Mitglieder der Hauptstadtregion\">&#8230; Read more &raquo;<\/a><\/p>\n","protected":false},"author":1,"featured_media":0,"parent":11,"menu_order":2,"comment_status":"closed","ping_status":"closed","template":"template-full-width.php","meta":{"footnotes":""},"_links":{"self":[{"href":"https:\/\/politexchange.ch\/de\/wp-json\/wp\/v2\/pages\/31"}],"collection":[{"href":"https:\/\/politexchange.ch\/de\/wp-json\/wp\/v2\/pages"}],"about":[{"href":"https:\/\/politexchange.ch\/de\/wp-json\/wp\/v2\/types\/page"}],"author":[{"embeddable":true,"href":"https:\/\/politexchange.ch\/de\/wp-json\/wp\/v2\/users\/1"}],"replies":[{"embeddable":true,"href":"https:\/\/politexchange.ch\/de\/wp-json\/wp\/v2\/comments?post=31"}],"version-history":[{"count":3,"href":"https:\/\/politexchange.ch\/de\/wp-json\/wp\/v2\/pages\/31\/revisions"}],"predecessor-version":[{"id":385,"href":"https:\/\/politexchange.ch\/de\/wp-json\/wp\/v2\/pages\/31\/revisions\/385"}],"up":[{"embeddable":true,"href":"https:\/\/politexchange.ch\/de\/wp-json\/wp\/v2\/pages\/11"}],"wp:attachment":[{"href":"https:\/\/politexchange.ch\/de\/wp-json\/wp\/v2\/media?parent=31"}],"curies":[{"name":"wp","href":"https:\/\/api.w.org\/{rel}","templated":true}]}}