{"id":595,"date":"2024-01-16T13:14:26","date_gmt":"2024-01-16T12:14:26","guid":{"rendered":"https:\/\/politexchange.ch\/?page_id=595"},"modified":"2024-01-16T13:18:33","modified_gmt":"2024-01-16T12:18:33","slug":"datenschutzerklaerung","status":"publish","type":"page","link":"https:\/\/politexchange.ch\/de\/datenschutzerklaerung\/","title":{"rendered":"Datenschutzerkl\u00e4rung"},"content":{"rendered":"<h1>Datenschutzerkl\u00e4rung<\/h1>\n<p>Mit dem Zugriff auf die Website www.politexchange.ch erkl\u00e4ren Sie sich mit der vorliegenden Datenschutzerkl\u00e4rung einverstanden. Sind Sie mit den nachfolgenden Bestimmungen nicht einverstanden, verlassen Sie bitte die Website <a href=\"http:\/\/www.politexchange.ch\">www.politexchange.ch<\/a>.<\/p>\n<h2>Anwendungsberei\u201cch und Grunds\u00e4tze<\/h2>\n<p>Diese Datenschutzerkl\u00e4rung informiert die Nutzer:innen dieser Website gem\u00e4ss den einschl\u00e4gigen Datenschutzerlassen, namentlich dem Schweizer Bundesgesetz \u00fcber den Datenschutz vom 25. September 2020 (Datenschutzgesetz, DSG) \u00fcber die Art, den Umfang und den Zweck der Erhebung und Verwendung personenbezogener Daten durch Ximpulse GmbH.<\/p>\n<p>Der Schutz Ihrer Privatsph\u00e4re ist uns ein Anliegen. Wir behandeln Ihre personenbezogenen Daten vertraulich und entsprechend der gesetzlichen Datenschutzvorschriften sowie dieser Datenschutzerkl\u00e4rung. Die Nutzung unserer Website ist in der Regel ohne Angabe personenbezogener Daten m\u00f6glich. Soweit auf unseren Seiten personenbezogene Daten (beispielsweise Name, Anschrift oder E-Mail-Adressen) erhoben werden, erfolgt dies auf freiwilliger Basis. Diese Daten werden gem\u00e4ss dieser Datenschutzerkl\u00e4rung teilweise an Dritte weitergegeben.\u00a0Wir weisen Sie darauf hin, dass die Daten\u00fcbertragung im Internet (z.B. bei der Kommunikation per E-Mail) Sicherheitsl\u00fccken aufweisen kann. Ein l\u00fcckenloser Schutz der Daten vor dem Zugriff durch Dritte ist nicht m\u00f6glich.<\/p>\n<h2>Umfang und Zweck der Datenerhebung<\/h2>\n<p>Die Nutzung der Website www.politexchange.ch erfolgt ohne Angabe von Personendaten. Zu statistischen Zwecken k\u00f6nnen aber die folgenden Daten bei einem Zugriff auf die Website erhoben werden: Besuchte Website, Uhrzeit zum Zeitpunkt des Zugriffes, Menge der gesendeten Daten in Byte, Quelle (von welcher Sie auf die Seite gelangten), verwendeter Browser, verwendetes Betriebssystem, verwendete IP-Adresse. Die erfassten Daten dienen lediglich statistischen Auswertungen und zur Verbesserung der Website www.politexchange.ch. Zudem wird die Nutzung der Website erm\u00f6glicht (Verbindungsaufbau) und die erhobenen Daten dienen der Sicherheit und der Stabilit\u00e4t des Systems. Eine Identifikation des Nutzers der Website findet nicht statt. Ximpulse GmbH ist berechtigt, die Server-Logfiles nachtr\u00e4glich zu \u00fcberpr\u00fcfen, wenn konkrete Anhaltspunkte auf eine rechtswidrige Nutzung vorliegen.<\/p>\n<h2>Wir bearbeiten Personendaten zu folgenden Zwecken:<\/h2>\n<ul>\n<li>um mit Ihnen zu kommunizieren;<\/li>\n<li>um unseren Auftraggebenden Dienstleistungen von Ximpulse GmbH zur Verf\u00fcgung zu stellen und diese zu verbessern;<\/li>\n<li>um die Verwaltung im Zusammenhang mit der Erbringung von Dienstleistungen sicher zu stellen;<\/li>\n<li>um Marketing und Werbung f\u00fcr unsere Dienstleistungen sicherzustellen, einschliesslich Zusendung von Newsletters oder Einladungen f\u00fcr Veranstaltungen, Informationen zu Publikationen und Updates zu unseren Dienstleistungen (sofern Sie dem nicht widersprochen haben, was Sie jederzeit tun k\u00f6nnen);<\/li>\n<\/ul>\n<h2>Art der Personendaten<\/h2>\n<p>Personenbezogene Daten sind s\u00e4mtliche Informationen, welche dazu dienen, Ihre Person zu bestimmen und welche zu Ihnen zur\u00fcckverfolgt werden k\u00f6nnen wie Name, E-Mail-Adresse oder Telefonnummer. Wir sammeln und erfassen Personendaten im Kontakt mit Ihnen, zum Beispiel, wenn Sie mit uns kommunizieren und wenn Sie an einer Be\u00adsprechung oder Veranstaltung teilnehmen. Wir erfassen oder erstellen Personendaten auch im Rahmen unseres Angebots von Dienstleistungen und wenn wir Personendaten von anderen Quellen beziehen, zur Erg\u00e4nzung und Aktualisierung der f\u00fcr die erw\u00e4hnten Zwecke erforderlichen Informationen.<\/p>\n<h2>Umgang mit und Schutz von personenbezogenen Daten<\/h2>\n<p>Wenn Sie mit uns durch die angebotenen Kontaktm\u00f6glichkeiten in Verbindung treten, werden Ihre Daten gespeichert, damit auf diese zur Bearbeitung und Beantwortung Ihrer Anfrage zur\u00fcckgegriffen werden kann. Wir wenden angemessene technische und organisatorische Sicherheitsmassnahmen an, um Ihre erhobenen personenbezogenen Daten gegen unerlaubten Zugriff, Missbrauch, Verlust oder Zerst\u00f6rung zu sch\u00fctzen. Ihre durch uns erhobenen personenbezogenen Daten werden weder verkauft noch mit Dritten geteilt.<\/p>\n<p>Wir verwenden verschiedene technische und organisatorische Massnahmen um Ihre Daten vor unberechtigtem Zugriff, unzul\u00e4ssiger Ver\u00adwendung, Weitergabe an Dritte, Ver\u00e4nderung und Besch\u00e4digung zu sch\u00fctzen.<\/p>\n<h2>Aufbewahrungsdauer der Personendaten<\/h2>\n<p>Ihre erfassten Personendaten werden aufbewahrt, soweit sie f\u00fcr die erw\u00e4hnten Zwecke ben\u00f6tigt werden und soweit eine gesetzliche Aufbewahrungspflicht besteht. Werden Daten aufbewahrt, erfolgt dies nur so lange, wie es rechtlich oder entsprechend dem Verarbeitungszweck notwendig ist.<\/p>\n<h2>Weitergabe von Personendaten<\/h2>\n<p>Wir k\u00f6nnen Ihre Personendaten an folgende vertrauensw\u00fcrdige Dritte weitergeben im Rahmen der Erf\u00fcllung des Zwecks, wie in der vorliegenden Datenschutzerkl\u00e4rung umschrieben:<\/p>\n<ul>\n<li>Dienstleistungsbetriebe, an welche wir bestimmte Support-Leistungen f\u00fcr die Dienstleistungen von Ximpulse GmbH auslagern (z. B. IT-Dienstleis\u00adtungen und Buchhaltung);<\/li>\n<li>Dritte, die wir mit vorg\u00e4ngiger Einwilligung unserer Auftraggebenden f\u00fcr die Erf\u00fcllung unserer Dienstleistungen beiziehen (z. B. Konsulent:innen f\u00fcr Teilabkl\u00e4rungen, \u00dcbersetzungsb\u00fcros);<\/li>\n<li>Dritte, welche bei der Durchf\u00fchrung oder Organisation von Veran\u00adstaltungen involviert sind (z. B. Anbieter von Konferenz\u00adr\u00e4umen, Hotels).<\/li>\n<\/ul>\n<p>Eine Weitergabe von Personendaten an Dritte kann weiter erfolgen, soweit dies zur Einhaltung gesetzlicher Bestimmungen erforderlich ist.<\/p>\n<p>Wir k\u00f6nnen Ihre Personendaten auch an Empf\u00e4nger:innen im Ausland \u00fcbermitteln, einschliesslich solcher L\u00e4nder, welche kein dem schweizerischen Recht gleichwertiges Datenschutzniveau gew\u00e4hrleisten. Wir werden Daten \u00fcbermitteln, wenn und soweit dies im Rahmen der vereinbarten Dienstleistungen und in Ihrem Interesse notwendig ist.<\/p>\n<h2>Bearbeitung von Daten bei der Nutzung unserer Website?<\/h2>\n<p>Bei Ihrer Nutzung unserer Website werden Cookies und vergleichbare Techniken, mit denen Ihr Browser oder Ihr Ger\u00e4t identifiziert werden kann, auf Ihrem Rechner gespeichert. Bei Cookies handelt es sich um kleine Textdateien, die auf Ihrer Festplatte dem von Ihnen verwendeten Browser zugeordnet gespeichert werden und durch welche uns bestimmte Informationen zufliessen. Wenn Sie diese Website z.B. erneut aufrufen, k\u00f6nnen wir Sie so wiedererkennen, selbst wenn wir nicht wissen, wer Sie sind. Cookies k\u00f6nnen keine Programme ausf\u00fchren oder Viren auf Ihren Computer \u00fcbertragen. Sie dienen dazu, das Internetangebot insgesamt nutzerfreundlicher und effektiver zu machen. Die meisten Browser akzeptieren Cookies automatisch. Sie k\u00f6nnen Ihre Browser-Einstellung allerdings entsprechend Ihren W\u00fcnschen konfigurieren und z.?B. die Annahme von Third-Party-Cookies oder allen Cookies ablehnen. Wir weisen Sie darauf hin, dass Sie in diesen F\u00e4llen eventuell nicht alle Funktionen dieser Website nutzen k\u00f6nnen.<\/p>\n<h2>Recht auf Auskunft, L\u00f6schung, Berichtigung, Sperrung Ihrer Daten<\/h2>\n<p>Sie haben jederzeit das Recht auf unentgeltliche Auskunft \u00fcber Ihre gespeicherten personenbezogenen Daten, deren Herkunft und Empf\u00e4nger und den Zweck der Datenverarbeitung sowie ein Recht auf Berichtigung, Sperrung oder L\u00f6schung dieser Daten. Hierzu sowie zu weiteren Fragen zum Thema personenbezogene Daten k\u00f6nnen Sie sich jederzeit an uns wenden. In gleicher Weise machen Sie allf\u00e4llige Widerspruchsrechte geltend.<\/p>\n<h2>Verantwortlichkeit<\/h2>\n<p>F\u00fcr Ihre Personendaten ist Ximpulse GmbH, Kl\u00f6sterlistutz 16, Postfach 645, 3000 Bern 8, Schweiz verantwortlich. Verweise in dieser Datenschutz Erkl\u00e4rung auf Politexchange, \u201ewir\u201c oder \u201euns\u201c sind Verweise auf Ximpulse GmbH.<\/p>\n<p>Wir bitten Sie, Ihre allf\u00e4lligen Fragen per E-Mail an\u00a0Erika Schl\u00e4ppi, <a href=\"mailto:es@ximpulse.ch\">es@ximpulse.ch<\/a> oder per eingeschriebenem Brief an Ximpulse GmbH, Kl\u00f6sterlistutz 16, Postfach 645, 3000 Bern 8 zu senden.<\/p>\n<p>&nbsp;<\/p>\n","protected":false},"excerpt":{"rendered":"<p>Datenschutzerkl\u00e4rung Mit dem Zugriff auf die Website www.politexchange.ch erkl\u00e4ren Sie sich mit der vorliegenden Datenschutzerkl\u00e4rung einverstanden. Sind Sie mit den nachfolgenden Bestimmungen nicht einverstanden, verlassen Sie bitte die Website www.politexchange.ch. Anwendungsberei\u201cch und Grunds\u00e4tze Diese Datenschutzerkl\u00e4rung informiert die Nutzer:innen dieser Website gem\u00e4ss den einschl\u00e4gigen Datenschutzerlassen, namentlich dem Schweizer Bundesgesetz \u00fcber den Datenschutz vom 25. September 2020<a class=\"excerpt-read-more\" href=\"https:\/\/politexchange.ch\/de\/datenschutzerklaerung\/\" title=\"ReadDatenschutzerkl\u00e4rung\">&#8230; Read more &raquo;<\/a><\/p>\n","protected":false},"author":1,"featured_media":0,"parent":0,"menu_order":0,"comment_status":"closed","ping_status":"closed","template":"template-full-width-ohne.php","meta":{"footnotes":""},"_links":{"self":[{"href":"https:\/\/politexchange.ch\/de\/wp-json\/wp\/v2\/pages\/595"}],"collection":[{"href":"https:\/\/politexchange.ch\/de\/wp-json\/wp\/v2\/pages"}],"about":[{"href":"https:\/\/politexchange.ch\/de\/wp-json\/wp\/v2\/types\/page"}],"author":[{"embeddable":true,"href":"https:\/\/politexchange.ch\/de\/wp-json\/wp\/v2\/users\/1"}],"replies":[{"embeddable":true,"href":"https:\/\/politexchange.ch\/de\/wp-json\/wp\/v2\/comments?post=595"}],"version-history":[{"count":3,"href":"https:\/\/politexchange.ch\/de\/wp-json\/wp\/v2\/pages\/595\/revisions"}],"predecessor-version":[{"id":598,"href":"https:\/\/politexchange.ch\/de\/wp-json\/wp\/v2\/pages\/595\/revisions\/598"}],"wp:attachment":[{"href":"https:\/\/politexchange.ch\/de\/wp-json\/wp\/v2\/media?parent=595"}],"curies":[{"name":"wp","href":"https:\/\/api.w.org\/{rel}","templated":true}]}}