{"id":9,"date":"2017-12-06T14:51:18","date_gmt":"2017-12-06T13:51:18","guid":{"rendered":"http:\/\/ayklwzkabb.cyon.link\/ueber-uns\/"},"modified":"2018-02-20T12:47:23","modified_gmt":"2018-02-20T11:47:23","slug":"ueber-uns","status":"publish","type":"page","link":"https:\/\/politexchange.ch\/de\/ueber-uns\/","title":{"rendered":"\u00dcber uns"},"content":{"rendered":"<h1>\u00dcber uns<\/h1>\n<p>Seit 2016 ist PolitExchange das Kompetenzzentrum der Hauptstadtregion Schweiz f\u00fcr die Organisation von Governance-Studienbesuchen.\u00a0 PolitExchange ist eine Marke der Hauptstadtregion Schweiz und wird bewirtschaftet durch Ximpulse GmbH in Bern.<\/p>\n<p>Der\u00a0<a title=\"\" href=\"https:\/\/www.hauptstadtregion.ch\/\" target=\"_blank\" rel=\"noopener\">Verein Hauptstadtregion Schweiz<\/a>\u00a0wurde 2010 mit dem Ziel gegr\u00fcndet, die Hauptstadtregion als innovativen Lebens- und Wirtschaftsraum von nationaler und internationaler Bedeutung zu st\u00e4rken. Mitglieder der Hauptstadtregion Schweiz sind die Kantone Bern, Freiburg, Wallis, Neuenburg und Solothurn sowie St\u00e4dte, Gemeinden und Regionalorganisationen innerhalb der Hauptstadtregion. Die Hauptstadtregion Schweiz hat sich unter anderem zum Ziel gesetzt, das nationale Politzentrum zu st\u00e4rken. In diesem Zusammenhang wurde PolitExchange ins Leben gerufen. Mitglieder der Hauptstadtregion \u00f6ffnen f\u00fcr Besucherdelegationen ihre T\u00fcren und stellen PolitExchange ihre Expertise zur Verf\u00fcgung, so dass Besuchsdelegationen Informationen aus erster Hand erhalten.<\/p>\n<p><a title=\"\" href=\"https:\/\/www.ximpulse.ch\" target=\"_blank\" rel=\"noopener\">Ximpulse GmbH<\/a>\u00a0ist ein Berner Unternehmen und\u00a0Expertinnenteam, das Unterst\u00fctzung und Beratung anbietet im Zusammenhang mit Staatsaufbau, Verfassungsreformen, Governance und Menschenrechten und im Management von vielschichtigen Ver\u00e4nderungsprozessen. Ximpulse ist vor allem in Entwicklungs- und Transitionsl\u00e4ndern und Konfliktgebieten t\u00e4tig, kennt aber auch das Schweizer Politsystem aus eigener Forschung und praktischer Erfahrung. Seit Jahren organisiert Ximpulse Studienreisen zu verschiedenen Themen f\u00fcr Besucherdelegation aus verschiedenen L\u00e4ndern. Die Ximpulse GmbH stellt sicher, dass die Schweizer Erfahrungen f\u00fcr die Besuchsdelegationen kontextgerecht vermittelt werden.<\/p>\n<p>Kontakt<br \/>\nPolitExchange<br \/>\nc\/o Ximpulse GmbH<br \/>\nKl\u00f6sterlistutz 16<br \/>\nCH-3000 Bern 8<br \/>\nSchweiz<br \/>\n0041 31 332 95 60<br \/>\n<a href=\"mailto:contact@politexchange.ch\">contact@politexchange.ch<\/a><\/p>\n","protected":false},"excerpt":{"rendered":"<p>\u00dcber uns Seit 2016 ist PolitExchange das Kompetenzzentrum der Hauptstadtregion Schweiz f\u00fcr die Organisation von Governance-Studienbesuchen.\u00a0 PolitExchange ist eine Marke der Hauptstadtregion Schweiz und wird bewirtschaftet durch Ximpulse GmbH in Bern. Der\u00a0Verein Hauptstadtregion Schweiz\u00a0wurde 2010 mit dem Ziel gegr\u00fcndet, die Hauptstadtregion als innovativen Lebens- und Wirtschaftsraum von nationaler und internationaler Bedeutung zu st\u00e4rken. Mitglieder der<a class=\"excerpt-read-more\" href=\"https:\/\/politexchange.ch\/de\/ueber-uns\/\" title=\"Read\u00dcber uns\">&#8230; Read more &raquo;<\/a><\/p>\n","protected":false},"author":1,"featured_media":0,"parent":0,"menu_order":1,"comment_status":"closed","ping_status":"closed","template":"template-full-width.php","meta":{"footnotes":""},"_links":{"self":[{"href":"https:\/\/politexchange.ch\/de\/wp-json\/wp\/v2\/pages\/9"}],"collection":[{"href":"https:\/\/politexchange.ch\/de\/wp-json\/wp\/v2\/pages"}],"about":[{"href":"https:\/\/politexchange.ch\/de\/wp-json\/wp\/v2\/types\/page"}],"author":[{"embeddable":true,"href":"https:\/\/politexchange.ch\/de\/wp-json\/wp\/v2\/users\/1"}],"replies":[{"embeddable":true,"href":"https:\/\/politexchange.ch\/de\/wp-json\/wp\/v2\/comments?post=9"}],"version-history":[{"count":7,"href":"https:\/\/politexchange.ch\/de\/wp-json\/wp\/v2\/pages\/9\/revisions"}],"predecessor-version":[{"id":383,"href":"https:\/\/politexchange.ch\/de\/wp-json\/wp\/v2\/pages\/9\/revisions\/383"}],"wp:attachment":[{"href":"https:\/\/politexchange.ch\/de\/wp-json\/wp\/v2\/media?parent=9"}],"curies":[{"name":"wp","href":"https:\/\/api.w.org\/{rel}","templated":true}]}}