{"id":126,"date":"2017-12-12T10:16:34","date_gmt":"2017-12-12T09:16:34","guid":{"rendered":"http:\/\/ayklwzkabb.cyon.link\/?page_id=126"},"modified":"2018-02-20T12:41:53","modified_gmt":"2018-02-20T11:41:53","slug":"portrait","status":"publish","type":"page","link":"https:\/\/politexchange.ch\/fr\/portrait\/","title":{"rendered":"Portrait"},"content":{"rendered":"<h1>Portrait<\/h1>\n<p>Depuis 2016, PolitExchange est le centre de comp\u00e9tences de la R\u00e9gion capitale suisse dans le domaine de l&rsquo;organisation de voyages d&rsquo;\u00e9tudes. PolitExchange est une marque de la R\u00e9gion Capitale suisse et est g\u00e9r\u00e9e par Ximpulse S\u00e0rl \u00e0 Berne.<\/p>\n<p>L&rsquo;association <a title=\"\" href=\"https:\/\/www.hauptstadtregion.ch\/fr\/\" target=\"_blank\" rel=\"noopener\">R\u00e9gion capitale suisse<\/a> a \u00e9t\u00e9 fond\u00e9e en 2010 et a pour but de renforcer la r\u00e9gion capitale en tant que lieu de vie et place\u00a0\u00e9conomique d&rsquo;importance nationale et internationale. Les membres de la R\u00e9gion capitale suisse sont les cantons de Berne, Fribourg, Neuch\u00e2tel, Soleure et du Valais tout comme les villes, communes et organisaitons r\u00e9gionales. La R\u00e9gion capitale suisse a entre autres pour but de renforcer le centre national politique. C&rsquo;est dans ce cadre que PolitExchange a \u00e9t\u00e9 cr\u00e9\u00e9. Les membres de la R\u00e9gion capitale suisse ouvrent leurs portes \u00e0 des d\u00e9l\u00e9gations en visite et mettent leur savoir\u00a0\u00e0 disposition de PoliExchange, de fa\u00e7on \u00e0 ce que les d\u00e9l\u00e9gations en visite re\u00e7oivent les informations de premi\u00e8res mains.<\/p>\n<p><a title=\"\" href=\"https:\/\/www.ximpulse.ch\/fr\/\" target=\"_blank\" rel=\"noopener\">Ximpulse S\u00e0rl<\/a> est une entreprise bernoise et un groupe d&rsquo;expertes qui offrent soutien et conseil dans les domaines de l&rsquo;organisation de l&rsquo;\u00e9tat et\u00a0les r\u00e9formes \u00e9tatiques, de la gouvernance et des droits de l&rsquo;homme, et dans la gestion de diff\u00e9rents processus de changement \u00e0 des niveaux variables. Ximpulse est principalement active dans des pays en voie de d\u00e9veloppement et de transition, tout comme dans des r\u00e9gions en conflit, mais conna\u00eet le syst\u00e8me politique suisse de par sa propre recherche et son exp\u00e9rience pratique. Depuis des ann\u00e9es, Ximpulse organise des voyages d&rsquo;\u00e9tudes qui touchent \u00e0 diff\u00e9rentes th\u00e9matiques pour les d\u00e9l\u00e9gations en visite en provenance de diff\u00e9rents pays. Ximpulse S\u00e0rl s&rsquo;assure que les exp\u00e9riences suisses soient transmises aux d\u00e9l\u00e9gations dans un contexte ad\u00e9quat.<\/p>\n<p>Contact<br \/>\nPolitExchange<br \/>\nc\/o Ximpulse S\u00e0rl<br \/>\nKl\u00f6sterlistutz 16<br \/>\nCH-3000 Berne 8<br \/>\nSuisse<br \/>\n0041 31 332 95 60<br \/>\n<span id=\"cloak4ba1399f21d89f41ddc836adfd872a09\"><a href=\"mailto:contact@politexchange.ch\">contact@politexchange.ch<\/a><\/span><\/p>\n","protected":false},"excerpt":{"rendered":"<p>Portrait Depuis 2016, PolitExchange est le centre de comp\u00e9tences de la R\u00e9gion capitale suisse dans le domaine de l&rsquo;organisation de voyages d&rsquo;\u00e9tudes. PolitExchange est une marque de la R\u00e9gion Capitale suisse et est g\u00e9r\u00e9e par Ximpulse S\u00e0rl \u00e0 Berne. L&rsquo;association R\u00e9gion capitale suisse a \u00e9t\u00e9 fond\u00e9e en 2010 et a pour but de renforcer la<a class=\"excerpt-read-more\" href=\"https:\/\/politexchange.ch\/fr\/portrait\/\" title=\"ReadPortrait\">&#8230; Read more &raquo;<\/a><\/p>\n","protected":false},"author":5,"featured_media":0,"parent":0,"menu_order":1,"comment_status":"closed","ping_status":"closed","template":"template-full-width.php","meta":{"footnotes":""},"_links":{"self":[{"href":"https:\/\/politexchange.ch\/fr\/wp-json\/wp\/v2\/pages\/126"}],"collection":[{"href":"https:\/\/politexchange.ch\/fr\/wp-json\/wp\/v2\/pages"}],"about":[{"href":"https:\/\/politexchange.ch\/fr\/wp-json\/wp\/v2\/types\/page"}],"author":[{"embeddable":true,"href":"https:\/\/politexchange.ch\/fr\/wp-json\/wp\/v2\/users\/5"}],"replies":[{"embeddable":true,"href":"https:\/\/politexchange.ch\/fr\/wp-json\/wp\/v2\/comments?post=126"}],"version-history":[{"count":5,"href":"https:\/\/politexchange.ch\/fr\/wp-json\/wp\/v2\/pages\/126\/revisions"}],"predecessor-version":[{"id":381,"href":"https:\/\/politexchange.ch\/fr\/wp-json\/wp\/v2\/pages\/126\/revisions\/381"}],"wp:attachment":[{"href":"https:\/\/politexchange.ch\/fr\/wp-json\/wp\/v2\/media?parent=126"}],"curies":[{"name":"wp","href":"https:\/\/api.w.org\/{rel}","templated":true}]}}