{"id":136,"date":"2017-12-12T10:20:44","date_gmt":"2017-12-12T09:20:44","guid":{"rendered":"http:\/\/ayklwzkabb.cyon.link\/?page_id=136"},"modified":"2018-02-20T13:16:52","modified_gmt":"2018-02-20T12:16:52","slug":"focus","status":"publish","type":"page","link":"https:\/\/politexchange.ch\/fr\/focus\/","title":{"rendered":"Focus"},"content":{"rendered":"<h1>Focus<\/h1>\n<p>PolitExchange organise des voyages d&rsquo;\u00e9tudes sur des th\u00e9matiques li\u00e9es \u00e0 la gouvernance. Nos programmes de visite sont <a title=\"\" href=\"http:\/\/politexchange.ch\/fr\/focus\/programmes-sur-mesure\/\" target=\"_self\">\u00e9labor\u00e9s sur mesure<\/a> et rendent accessibles <a title=\"\" href=\"http:\/\/politexchange.ch\/fr\/focus\/experiences-en-gouvernance\/\" target=\"_self\">les exp\u00e9riences suisses<\/a>. Ils s&rsquo;adressent surtout \u00e0 des <a title=\"\" href=\"http:\/\/politexchange.ch\/fr\/focus\/pour-les-visiteurs-de-letranger\/\" target=\"_self\">d\u00e9l\u00e9gations en provenance de l&rsquo;\u00e9tranger<\/a><a title=\"\" href=\"http:\/\/www.politexchange.ch\/\" target=\"_self\"><\/a>.<\/p>\n","protected":false},"excerpt":{"rendered":"<p>Focus PolitExchange organise des voyages d&rsquo;\u00e9tudes sur des th\u00e9matiques li\u00e9es \u00e0 la gouvernance. Nos programmes de visite sont \u00e9labor\u00e9s sur mesure et rendent accessibles les exp\u00e9riences suisses. Ils s&rsquo;adressent surtout \u00e0 des d\u00e9l\u00e9gations en provenance de l&rsquo;\u00e9tranger.<\/p>\n","protected":false},"author":5,"featured_media":0,"parent":0,"menu_order":2,"comment_status":"closed","ping_status":"closed","template":"template-full-width.php","meta":{"footnotes":""},"_links":{"self":[{"href":"https:\/\/politexchange.ch\/fr\/wp-json\/wp\/v2\/pages\/136"}],"collection":[{"href":"https:\/\/politexchange.ch\/fr\/wp-json\/wp\/v2\/pages"}],"about":[{"href":"https:\/\/politexchange.ch\/fr\/wp-json\/wp\/v2\/types\/page"}],"author":[{"embeddable":true,"href":"https:\/\/politexchange.ch\/fr\/wp-json\/wp\/v2\/users\/5"}],"replies":[{"embeddable":true,"href":"https:\/\/politexchange.ch\/fr\/wp-json\/wp\/v2\/comments?post=136"}],"version-history":[{"count":4,"href":"https:\/\/politexchange.ch\/fr\/wp-json\/wp\/v2\/pages\/136\/revisions"}],"predecessor-version":[{"id":400,"href":"https:\/\/politexchange.ch\/fr\/wp-json\/wp\/v2\/pages\/136\/revisions\/400"}],"wp:attachment":[{"href":"https:\/\/politexchange.ch\/fr\/wp-json\/wp\/v2\/media?parent=136"}],"curies":[{"name":"wp","href":"https:\/\/api.w.org\/{rel}","templated":true}]}}