{"id":144,"date":"2017-12-12T10:23:03","date_gmt":"2017-12-12T09:23:03","guid":{"rendered":"http:\/\/ayklwzkabb.cyon.link\/?page_id=144"},"modified":"2019-12-17T12:08:04","modified_gmt":"2019-12-17T11:08:04","slug":"documentation","status":"publish","type":"page","link":"https:\/\/politexchange.ch\/fr\/documentation\/","title":{"rendered":"Documentation"},"content":{"rendered":"<h1>Documentation<\/h1>\n<p>Vous trouvez de la documentation sur PolitExchange ici:<\/p>\n<p><a href=\"https:\/\/politexchange.ch\/wp-content\/uploads\/2017\/12\/PolitExchange-Flyer-dfe.pdf\" target=\"_blank\" rel=\"noopener noreferrer\"> Flyer\u00a0(PDF)<\/a><\/p>\n<p><a href=\"https:\/\/politexchange.ch\/wp-content\/uploads\/2019\/12\/PolitExchange-en-bref.pdf\" target=\"_blank\" rel=\"noopener noreferrer\"> PolitExchange en bref (PDF)<\/a><\/p>\n<p><a href=\"https:\/\/politexchange.ch\/wp-content\/uploads\/2019\/12\/A4Factsheet-Fr.pdf\" target=\"_blank\" rel=\"noopener noreferrer\"> Factsheet\u00a0(PDF)<\/a><\/p>\n<p>Pour avoir acc\u00e8s \u00e0 la documentation de\u00a0voyage d&rsquo;\u00e9tudes sp\u00e9cifiques, <a href=\"https:\/\/politexchange.ch\/login\/?lang=fr\" target=\"_blank\" rel=\"noopener noreferrer\">pri\u00e8re de vous connecter ici.<\/a><\/p>\n","protected":false},"excerpt":{"rendered":"<p>Documentation Vous trouvez de la documentation sur PolitExchange ici: Flyer\u00a0(PDF) PolitExchange en bref (PDF) Factsheet\u00a0(PDF) Pour avoir acc\u00e8s \u00e0 la documentation de\u00a0voyage d&rsquo;\u00e9tudes sp\u00e9cifiques, pri\u00e8re de vous connecter ici.<\/p>\n","protected":false},"author":5,"featured_media":0,"parent":0,"menu_order":4,"comment_status":"closed","ping_status":"closed","template":"template-full-width.php","meta":{"footnotes":""},"_links":{"self":[{"href":"https:\/\/politexchange.ch\/fr\/wp-json\/wp\/v2\/pages\/144"}],"collection":[{"href":"https:\/\/politexchange.ch\/fr\/wp-json\/wp\/v2\/pages"}],"about":[{"href":"https:\/\/politexchange.ch\/fr\/wp-json\/wp\/v2\/types\/page"}],"author":[{"embeddable":true,"href":"https:\/\/politexchange.ch\/fr\/wp-json\/wp\/v2\/users\/5"}],"replies":[{"embeddable":true,"href":"https:\/\/politexchange.ch\/fr\/wp-json\/wp\/v2\/comments?post=144"}],"version-history":[{"count":8,"href":"https:\/\/politexchange.ch\/fr\/wp-json\/wp\/v2\/pages\/144\/revisions"}],"predecessor-version":[{"id":587,"href":"https:\/\/politexchange.ch\/fr\/wp-json\/wp\/v2\/pages\/144\/revisions\/587"}],"wp:attachment":[{"href":"https:\/\/politexchange.ch\/fr\/wp-json\/wp\/v2\/media?parent=144"}],"curies":[{"name":"wp","href":"https:\/\/api.w.org\/{rel}","templated":true}]}}