{"id":148,"date":"2017-12-12T10:24:43","date_gmt":"2017-12-12T09:24:43","guid":{"rendered":"http:\/\/ayklwzkabb.cyon.link\/?page_id=148"},"modified":"2017-12-12T10:24:43","modified_gmt":"2017-12-12T09:24:43","slug":"pour-les-delegations-en-visite","status":"publish","type":"page","link":"https:\/\/politexchange.ch\/fr\/prestations\/pour-les-delegations-en-visite\/","title":{"rendered":"Pour les d\u00e9l\u00e9gations en visite"},"content":{"rendered":"<h1>Pour les d\u00e9l\u00e9gations en visite<\/h1>\n<p>Vous aimeriez organiser un voyage d&rsquo;\u00e9tudes ou vous avez \u00e9t\u00e9 sollicit\u00e9 pour organiser un voyage d&rsquo;\u00e9tudes? PolitExchange vous soutient \u2013\u00a0selon vos souhaits et besoins: de l&rsquo;organisation compl\u00e8te du voyage d&rsquo;\u00e9tudes \u00e0 partir de l&rsquo;identification des attentes \u00e0 un reporting et follow-up orient\u00e9s vers vos besoins, ou dans certains domaines comme\u00a0l&rsquo;\u00e9laboration d&rsquo;un concept, ou encore dans l&rsquo;identification d&rsquo;experts\/es. Nous \u00e9claircissons volontiers avec vous comment vous soutenir de la fa\u00e7on la plus sens\u00e9e possible.<\/p>\n<p>Nos services:<\/p>\n<ul>\n<li>Identification pr\u00e9alable des besoins de la d\u00e9l\u00e9gation et de ses int\u00e9r\u00eats, identifications des th\u00e8mes;<\/li>\n<li>Examen d&rsquo;\u00e9ventuels risques politiques;<\/li>\n<li>Identification des institutions et des personnes de la R\u00e9gion capitale suisse (et au-del\u00e0) qui disposent d&rsquo;expertise sur la th\u00e9matique du voyage d&rsquo;\u00e9tudes;<\/li>\n<li>Elaboration du programme, sollicitation des experts\/es, organisation de la logistique;<\/li>\n<li>Pr\u00e9paration d&rsquo;informations sur le contexte suisse, tout comme informations aux experts\/es en Suisse sur les attentes de la d\u00e9l\u00e9gation;<\/li>\n<li>Soutien des experts\/es dans l&rsquo;\u00e9laboration de leurs pr\u00e9sentations;<\/li>\n<li>Accompagnement et soutien professionnel de la d\u00e9l\u00e9gation durant son s\u00e9jour (traduction interculturelle, gestion des attentes, r\u00e9ponses aux questions ouvertes, r\u00e9flexion sur ce qui a \u00e9t\u00e9 v\u00e9cu et vu, feedback loops, workshops suite \u00e0 \u00a0l&rsquo;\u00e9change pour approfondir certaines th\u00e9matiques ou m\u00e9thodes);<\/li>\n<li>Inputs experts th\u00e9matiques (par exemple introduction au syst\u00e8me politique de la Suisse);<\/li>\n<li>Travail suite \u00e0 la visite et identification des prochaines d\u00e9marches pour transposer les \u00e9l\u00e9ments qui int\u00e9ressent dans un autre contexte.<\/li>\n<\/ul>\n","protected":false},"excerpt":{"rendered":"<p>Pour les d\u00e9l\u00e9gations en visite Vous aimeriez organiser un voyage d&rsquo;\u00e9tudes ou vous avez \u00e9t\u00e9 sollicit\u00e9 pour organiser un voyage d&rsquo;\u00e9tudes? PolitExchange vous soutient \u2013\u00a0selon vos souhaits et besoins: de l&rsquo;organisation compl\u00e8te du voyage d&rsquo;\u00e9tudes \u00e0 partir de l&rsquo;identification des attentes \u00e0 un reporting et follow-up orient\u00e9s vers vos besoins, ou dans certains domaines comme\u00a0l&rsquo;\u00e9laboration<a class=\"excerpt-read-more\" href=\"https:\/\/politexchange.ch\/fr\/prestations\/pour-les-delegations-en-visite\/\" title=\"ReadPour les d\u00e9l\u00e9gations en visite\">&#8230; Read more &raquo;<\/a><\/p>\n","protected":false},"author":5,"featured_media":0,"parent":140,"menu_order":1,"comment_status":"closed","ping_status":"closed","template":"template-full-width.php","meta":{"footnotes":""},"_links":{"self":[{"href":"https:\/\/politexchange.ch\/fr\/wp-json\/wp\/v2\/pages\/148"}],"collection":[{"href":"https:\/\/politexchange.ch\/fr\/wp-json\/wp\/v2\/pages"}],"about":[{"href":"https:\/\/politexchange.ch\/fr\/wp-json\/wp\/v2\/types\/page"}],"author":[{"embeddable":true,"href":"https:\/\/politexchange.ch\/fr\/wp-json\/wp\/v2\/users\/5"}],"replies":[{"embeddable":true,"href":"https:\/\/politexchange.ch\/fr\/wp-json\/wp\/v2\/comments?post=148"}],"version-history":[{"count":1,"href":"https:\/\/politexchange.ch\/fr\/wp-json\/wp\/v2\/pages\/148\/revisions"}],"predecessor-version":[{"id":149,"href":"https:\/\/politexchange.ch\/fr\/wp-json\/wp\/v2\/pages\/148\/revisions\/149"}],"up":[{"embeddable":true,"href":"https:\/\/politexchange.ch\/fr\/wp-json\/wp\/v2\/pages\/140"}],"wp:attachment":[{"href":"https:\/\/politexchange.ch\/fr\/wp-json\/wp\/v2\/media?parent=148"}],"curies":[{"name":"wp","href":"https:\/\/api.w.org\/{rel}","templated":true}]}}