{"id":156,"date":"2017-12-12T10:27:15","date_gmt":"2017-12-12T09:27:15","guid":{"rendered":"http:\/\/ayklwzkabb.cyon.link\/?page_id=156"},"modified":"2017-12-13T16:25:47","modified_gmt":"2017-12-13T15:25:47","slug":"exemples-de-voyages-detudes","status":"publish","type":"page","link":"https:\/\/politexchange.ch\/fr\/prestations\/exemples-de-voyages-detudes\/","title":{"rendered":"Exemples de voyages d&rsquo;\u00e9tudes"},"content":{"rendered":"<h1>Exemples de voyages d&rsquo;\u00e9tudes<\/h1>\n<p>Les exemples suivants ont pour but de sugg\u00e9rer des fa\u00e7ons dont les voyages d&rsquo;\u00e9tudes pourraient \u00eatre organis\u00e9s. Le programme exact est toujours d\u00e9velopp\u00e9 en discussion avec vous, en fonction de vos buts. Le transfert de savoir et l&rsquo;\u00e9change d&rsquo;exp\u00e9riences entre pairs se situent au centre. Bien souvent, les voyages d&rsquo;\u00e9tudes remplissent des buts qui vont au-del\u00e0 de cela, par exemple la cr\u00e9ation de liens de confiance au sein d&rsquo;un groupe ou le networking. C&rsquo;est notre t\u00e2che de permettre \u00e0 des pairs de se rencontrer dans la mesure du possible. Ces pairs se trouvent ou se trouvaient devant des d\u00e9fis semblables. Nous nous assurons que la pratique se situe au premier plan et sommes convaincus qu&rsquo;une vision locale est souvent bien plus utile qu&rsquo;un expos\u00e9 dans une salle de s\u00e9ance. Nous sommes conscients que les d\u00e9l\u00e9gations ont besoin de la mise en valeur n\u00e9cessaire gr\u00e2ce \u00e0 des rencontres protocollaires et qu&rsquo;il faut aussi un programme cadre.<\/p>\n<div id=\"attachment_246\" style=\"width: 160px\" class=\"wp-caption alignleft\"><a href=\"http:\/\/ayklwzkabb.cyon.link\/decentralisation\/?lang=fr\"><img loading=\"lazy\" decoding=\"async\" aria-describedby=\"caption-attachment-246\" class=\"wp-image-246 size-thumbnail\" src=\"http:\/\/ayklwzkabb.cyon.link\/wp-content\/uploads\/2017\/12\/PaulKlee-1-150x150.jpg\" alt=\"\" width=\"150\" height=\"150\" \/><\/a><p id=\"caption-attachment-246\" class=\"wp-caption-text\">Exemple \u00ab\u00a0D\u00e9centralisation\u00a0\u00bb<\/p><\/div>\n<div id=\"attachment_241\" style=\"width: 160px\" class=\"wp-caption alignleft\"><a href=\"http:\/\/ayklwzkabb.cyon.link\/integration-de-minorites\/?lang=fr\"><img loading=\"lazy\" decoding=\"async\" aria-describedby=\"caption-attachment-241\" class=\"wp-image-241 size-thumbnail\" src=\"http:\/\/ayklwzkabb.cyon.link\/wp-content\/uploads\/2017\/12\/MOS4750-1-150x150.jpg\" alt=\"\" width=\"150\" height=\"150\" \/><\/a><p id=\"caption-attachment-241\" class=\"wp-caption-text\">Exemple \u00ab\u00a0Int\u00e9gration de minorit\u00e9s\u00a0\u00bb<\/p><\/div>\n<div id=\"attachment_234\" style=\"width: 160px\" class=\"wp-caption alignleft\"><a href=\"http:\/\/ayklwzkabb.cyon.link\/gestion-des-conflits-dinterets\/?lang=fr\"><img loading=\"lazy\" decoding=\"async\" aria-describedby=\"caption-attachment-234\" class=\"wp-image-234 size-thumbnail\" src=\"http:\/\/ayklwzkabb.cyon.link\/wp-content\/uploads\/2017\/12\/BundeshausDeckeKantone-1-150x150.jpg\" alt=\"\" width=\"150\" height=\"150\" \/><\/a><p id=\"caption-attachment-234\" class=\"wp-caption-text\">Exemple \u00ab Gestion des conflits d\u2019int\u00e9r\u00eats \u00bb<\/p><\/div>\n","protected":false},"excerpt":{"rendered":"<p>Exemples de voyages d&rsquo;\u00e9tudes Les exemples suivants ont pour but de sugg\u00e9rer des fa\u00e7ons dont les voyages d&rsquo;\u00e9tudes pourraient \u00eatre organis\u00e9s. Le programme exact est toujours d\u00e9velopp\u00e9 en discussion avec vous, en fonction de vos buts. Le transfert de savoir et l&rsquo;\u00e9change d&rsquo;exp\u00e9riences entre pairs se situent au centre. Bien souvent, les voyages d&rsquo;\u00e9tudes remplissent<a class=\"excerpt-read-more\" href=\"https:\/\/politexchange.ch\/fr\/prestations\/exemples-de-voyages-detudes\/\" title=\"ReadExemples de voyages d&rsquo;\u00e9tudes\">&#8230; Read more &raquo;<\/a><\/p>\n","protected":false},"author":5,"featured_media":0,"parent":140,"menu_order":3,"comment_status":"closed","ping_status":"closed","template":"template-full-width-ohne.php","meta":{"footnotes":""},"_links":{"self":[{"href":"https:\/\/politexchange.ch\/fr\/wp-json\/wp\/v2\/pages\/156"}],"collection":[{"href":"https:\/\/politexchange.ch\/fr\/wp-json\/wp\/v2\/pages"}],"about":[{"href":"https:\/\/politexchange.ch\/fr\/wp-json\/wp\/v2\/types\/page"}],"author":[{"embeddable":true,"href":"https:\/\/politexchange.ch\/fr\/wp-json\/wp\/v2\/users\/5"}],"replies":[{"embeddable":true,"href":"https:\/\/politexchange.ch\/fr\/wp-json\/wp\/v2\/comments?post=156"}],"version-history":[{"count":8,"href":"https:\/\/politexchange.ch\/fr\/wp-json\/wp\/v2\/pages\/156\/revisions"}],"predecessor-version":[{"id":271,"href":"https:\/\/politexchange.ch\/fr\/wp-json\/wp\/v2\/pages\/156\/revisions\/271"}],"up":[{"embeddable":true,"href":"https:\/\/politexchange.ch\/fr\/wp-json\/wp\/v2\/pages\/140"}],"wp:attachment":[{"href":"https:\/\/politexchange.ch\/fr\/wp-json\/wp\/v2\/media?parent=156"}],"curies":[{"name":"wp","href":"https:\/\/api.w.org\/{rel}","templated":true}]}}