{"id":183,"date":"2017-12-12T10:37:21","date_gmt":"2017-12-12T09:37:21","guid":{"rendered":"http:\/\/ayklwzkabb.cyon.link\/?page_id=183"},"modified":"2018-02-20T12:32:08","modified_gmt":"2018-02-20T11:32:08","slug":"programmes-sur-mesure","status":"publish","type":"page","link":"https:\/\/politexchange.ch\/fr\/focus\/programmes-sur-mesure\/","title":{"rendered":"Programmes sur mesure"},"content":{"rendered":"<article class=\"uk-article\">\n<div class=\"tm-article\">\n<h1>Programmes sur mesure<\/h1>\n<p>Nos voyages d&rsquo;\u00e9tudes offrent un regard dans des approches conceptionnelles et des exp\u00e9riences pratiques li\u00e9es \u00e0 des th\u00e9matiques de la gouvernance en Suisse. Les visites sont sens\u00e9es montrer les forces et les faiblesses d&rsquo;un syst\u00e8me qui fonctionne, stimuler la r\u00e9flexion et la compr\u00e9hension de la d\u00e9l\u00e9gation en visite par rapport \u00e0 ses propres d\u00e9fis et donner des id\u00e9es pour des solutions innovatrices. Mais les institutions visit\u00e9es peuvent \u00e9galement profiter de l&rsquo;\u00e9change. Elles ont l&rsquo;occasion de r\u00e9fl\u00e9chir \u00e0 leurs exp\u00e9riences sous une nouvelle perspective, de les pr\u00e9senter \u00e0 un public int\u00e9ress\u00e9 et d&rsquo;en d\u00e9battre.<\/p>\n<p>Nous organisons des voyages d&rsquo;\u00e9tudes sur mesure, d&rsquo;une dur\u00e9e de quelques jours \u00e0 environ deux semaines. Nous mettons en contact les visiteurs\/euses avec les institutions et les experts\/es importants\u00a0qui sont pr\u00eats \u00e0 partager et \u00e0 discuter de leur savoir et de\u00a0leur exp\u00e9rience pratique. D&rsquo;un point de vue m\u00e9thodologique, nous sommes convaincus que le contact personnel et la discussion commune entre coll\u00e8gues d&rsquo;une profession semblable encourage un apprentissage orient\u00e9 vers la pratique.<\/p>\n<p><strong><a title=\"\" href=\"http:\/\/politexchange.ch\/prestations\/exemples-de-voyages-detudes\/?lang=fr\" target=\"_blank\" rel=\"noopener\">Vous trouvez ici des exemples pratiques de voyages d&rsquo;\u00e9tudes.<\/a><\/strong><\/p>\n<\/div>\n<\/article>\n","protected":false},"excerpt":{"rendered":"<p>Programmes sur mesure Nos voyages d&rsquo;\u00e9tudes offrent un regard dans des approches conceptionnelles et des exp\u00e9riences pratiques li\u00e9es \u00e0 des th\u00e9matiques de la gouvernance en Suisse. Les visites sont sens\u00e9es montrer les forces et les faiblesses d&rsquo;un syst\u00e8me qui fonctionne, stimuler la r\u00e9flexion et la compr\u00e9hension de la d\u00e9l\u00e9gation en visite par rapport \u00e0 ses<a class=\"excerpt-read-more\" href=\"https:\/\/politexchange.ch\/fr\/focus\/programmes-sur-mesure\/\" title=\"ReadProgrammes sur mesure\">&#8230; Read more &raquo;<\/a><\/p>\n","protected":false},"author":5,"featured_media":0,"parent":136,"menu_order":0,"comment_status":"closed","ping_status":"closed","template":"template-full-width.php","meta":{"footnotes":""},"_links":{"self":[{"href":"https:\/\/politexchange.ch\/fr\/wp-json\/wp\/v2\/pages\/183"}],"collection":[{"href":"https:\/\/politexchange.ch\/fr\/wp-json\/wp\/v2\/pages"}],"about":[{"href":"https:\/\/politexchange.ch\/fr\/wp-json\/wp\/v2\/types\/page"}],"author":[{"embeddable":true,"href":"https:\/\/politexchange.ch\/fr\/wp-json\/wp\/v2\/users\/5"}],"replies":[{"embeddable":true,"href":"https:\/\/politexchange.ch\/fr\/wp-json\/wp\/v2\/comments?post=183"}],"version-history":[{"count":3,"href":"https:\/\/politexchange.ch\/fr\/wp-json\/wp\/v2\/pages\/183\/revisions"}],"predecessor-version":[{"id":372,"href":"https:\/\/politexchange.ch\/fr\/wp-json\/wp\/v2\/pages\/183\/revisions\/372"}],"up":[{"embeddable":true,"href":"https:\/\/politexchange.ch\/fr\/wp-json\/wp\/v2\/pages\/136"}],"wp:attachment":[{"href":"https:\/\/politexchange.ch\/fr\/wp-json\/wp\/v2\/media?parent=183"}],"curies":[{"name":"wp","href":"https:\/\/api.w.org\/{rel}","templated":true}]}}