{"id":193,"date":"2017-12-12T10:43:38","date_gmt":"2017-12-12T09:43:38","guid":{"rendered":"http:\/\/ayklwzkabb.cyon.link\/?page_id=193"},"modified":"2017-12-12T10:43:38","modified_gmt":"2017-12-12T09:43:38","slug":"experiences-en-gouvernance","status":"publish","type":"page","link":"https:\/\/politexchange.ch\/fr\/focus\/experiences-en-gouvernance\/","title":{"rendered":"Exp\u00e9riences en gouvernance"},"content":{"rendered":"<h1>Exp\u00e9riences en gouvernance: claires &#8211; tangibles &#8211; utiles<\/h1>\n<p>Le syst\u00e8me \u00e9tatique suisse comporte des sp\u00e9cificit\u00e9s int\u00e9ressantes pour les visiteurs\/euses en provenance de toute la terre:<\/p>\n<ul>\n<li><b>F\u00e9d\u00e9ralisme et d\u00e9centralisation<\/b>: aux trois niveaux \u00e9tatiques, la Conf\u00e9d\u00e9ration, les cantons et les communes remplissent des t\u00e2ches publiques et fournissent des prestations de\u00a0haut niveau, souvent sous leur propre responsabilit\u00e9, mais en collaboration et coordination \u00e9troite et avec des syst\u00e8mes de financement\u00a0\u00e9quilibr\u00e9s;<\/li>\n<li><strong>Prise en compte de la diversit\u00e9 culturelle, linguistique et religieuse:<\/strong>\u00a0les m\u00e9canismes d\u00e9cisionnels, les institutions et les proc\u00e9dures \u00e9tatiques\u00a0laissent de la place pour la participation et la prise en compte des positions des diff\u00e9rents groupes linguistiques et d&rsquo;horizons\u00a0politiques vari\u00e9s;<\/li>\n<li><strong>Instruments de d\u00e9mocratie directe<\/strong>: les initiatives constitutionnelles et\u00a0les r\u00e9f\u00e9rendums sur les lois par exemple\u00a0offrent \u00e0 la population la possibilit\u00e9 d&rsquo;une participation directe dans beaucoup de processus d\u00e9cisionnels;<\/li>\n<li><strong>Le powersharing, l&rsquo;orientation vers le\u00a0consensus et la concordance<\/strong>: les gouvernements poursuivent une\u00a0strat\u00e9gie d&rsquo;int\u00e9gration des minorit\u00e9s et majorit\u00e9s politiques dans la responsabilit\u00e9 \u00e9tatique (concordance), et les processus d\u00e9cisionnels encouragent l&rsquo;orientation vers le consensus dans la politique, et au niveau de la Conf\u00e9d\u00e9ration, des cantons et des communes.<\/li>\n<\/ul>\n<p>En tant que centre politique de la Suisse, les membres de la R\u00e9gion capitale suisse peuvent partager <strong>leur<\/strong> <strong>perspective concr\u00e8te et pratique<\/strong> dans des circonstances complexes\u00a0concernant de nombreuses th\u00e9matiques:<\/p>\n<ul>\n<li>Comment les autorit\u00e9s cantonales et communales g\u00e8rent-elles les d\u00e9fis dans la gestion, le pilotage et le financement des t\u00e2ches et services publics, par exemple dans le domaine de l&rsquo;alimentation en eau, la gestion des eaux us\u00e9es et des d\u00e9chets, de l&rsquo;\u00e9nergie, des transports publics, de la construction et l&rsquo;entretien d&rsquo;infrastructures publiques, de l&rsquo;\u00e9ducation et la formation, de l&rsquo;am\u00e9nagement du territoire, de la protection de l&rsquo;environnement et de la nature, de l&rsquo;encouragement \u00e9conomique et touristique, de la s\u00e9curit\u00e9 publique et\u00a0sociale, de la migration et l&rsquo;int\u00e9gration?<\/li>\n<li>Comment les processus d\u00e9cisionnels politiques sont-ils organis\u00e9s, par exemple dans les cantons et communes bilingues? Comment la soci\u00e9t\u00e9 civile s&rsquo;engage-t-elle dans les processus politiques?<\/li>\n<li>Comment les diff\u00e9rents niveaux \u00e9tatiques collaborent-ils? Comment la p\u00e9r\u00e9quation financi\u00e8res est-elle organis\u00e9e entre la Conf\u00e9d\u00e9ration, les cantons et les communes? Comment la surveillance des communes et des cantons est-elle organis\u00e9e?<\/li>\n<li>Comment contr\u00f4ler la responsabilit\u00e9\u00a0(\u201eaccountability\u201c) et le pouvoir?<\/li>\n<li>Comment g\u00e9rer les conflits d&rsquo;int\u00e9r\u00eats par exemple en rapport avec les grands projets d&rsquo;infrastructure? Comment consulter la population concern\u00e9e? Comment trouver des solutions constructives et g\u00e9rer les conflits?<\/li>\n<li>Comment les \u00e9lections et les votations fonctionnent-elles, et quels sont les instruments de d\u00e9mocratie directe \u00e0 diff\u00e9rents niveaux?<\/li>\n<\/ul>\n","protected":false},"excerpt":{"rendered":"<p>Exp\u00e9riences en gouvernance: claires &#8211; tangibles &#8211; utiles Le syst\u00e8me \u00e9tatique suisse comporte des sp\u00e9cificit\u00e9s int\u00e9ressantes pour les visiteurs\/euses en provenance de toute la terre: F\u00e9d\u00e9ralisme et d\u00e9centralisation: aux trois niveaux \u00e9tatiques, la Conf\u00e9d\u00e9ration, les cantons et les communes remplissent des t\u00e2ches publiques et fournissent des prestations de\u00a0haut niveau, souvent sous leur propre responsabilit\u00e9, mais<a class=\"excerpt-read-more\" href=\"https:\/\/politexchange.ch\/fr\/focus\/experiences-en-gouvernance\/\" title=\"ReadExp\u00e9riences en gouvernance\">&#8230; Read more &raquo;<\/a><\/p>\n","protected":false},"author":5,"featured_media":0,"parent":136,"menu_order":0,"comment_status":"closed","ping_status":"closed","template":"template-full-width.php","meta":{"footnotes":""},"_links":{"self":[{"href":"https:\/\/politexchange.ch\/fr\/wp-json\/wp\/v2\/pages\/193"}],"collection":[{"href":"https:\/\/politexchange.ch\/fr\/wp-json\/wp\/v2\/pages"}],"about":[{"href":"https:\/\/politexchange.ch\/fr\/wp-json\/wp\/v2\/types\/page"}],"author":[{"embeddable":true,"href":"https:\/\/politexchange.ch\/fr\/wp-json\/wp\/v2\/users\/5"}],"replies":[{"embeddable":true,"href":"https:\/\/politexchange.ch\/fr\/wp-json\/wp\/v2\/comments?post=193"}],"version-history":[{"count":1,"href":"https:\/\/politexchange.ch\/fr\/wp-json\/wp\/v2\/pages\/193\/revisions"}],"predecessor-version":[{"id":194,"href":"https:\/\/politexchange.ch\/fr\/wp-json\/wp\/v2\/pages\/193\/revisions\/194"}],"up":[{"embeddable":true,"href":"https:\/\/politexchange.ch\/fr\/wp-json\/wp\/v2\/pages\/136"}],"wp:attachment":[{"href":"https:\/\/politexchange.ch\/fr\/wp-json\/wp\/v2\/media?parent=193"}],"curies":[{"name":"wp","href":"https:\/\/api.w.org\/{rel}","templated":true}]}}