{"id":203,"date":"2017-12-12T10:47:42","date_gmt":"2017-12-12T09:47:42","guid":{"rendered":"http:\/\/ayklwzkabb.cyon.link\/?page_id=203"},"modified":"2017-12-12T10:50:00","modified_gmt":"2017-12-12T09:50:00","slug":"pour-les-visiteurs-de-letranger","status":"publish","type":"page","link":"https:\/\/politexchange.ch\/fr\/focus\/pour-les-visiteurs-de-letranger\/","title":{"rendered":"Pour les visiteurs de l&rsquo;\u00e9tranger"},"content":{"rendered":"<h1>Pour les visiteurs de l&rsquo;\u00e9tranger<\/h1>\n<p>L&rsquo;offre de PolitExchange s&rsquo;adresse en premier lieu aux d\u00e9l\u00e9gations en provenance de l&rsquo;\u00e9tranger et qui s&rsquo;int\u00e9ressent aux exp\u00e9riences suisse &#8211; pas avec pour but de les copier, mais pour s&rsquo;en inspirer dans leur propre r\u00e9flexion. Par exemple:<\/p>\n<ul>\n<li>Les institutions et les administrations publiques qui d\u00e9sirent se familiariser avec le syst\u00e8me suisse et ses t\u00e2ches publiques sp\u00e9cifiques;<\/li>\n<li>Les institutions\u00a0et les administrations publiques qui aimeraient apprendre \u00e0 conna\u00eetre une syst\u00e8me politique f\u00e9d\u00e9ral et d\u00e9centralis\u00e9 qui fonctionne, ainsi que les diff\u00e9rents m\u00e9canismes\u00a0de consultations et de collaboration;<\/li>\n<li>Des parlementaires qui s&rsquo;int\u00e9ressent aux exp\u00e9riences des parlements suisses au niveau national, cantonal et communal\u00a0et \u00e0 l&rsquo;\u00e9change entre les diff\u00e9rents niveaux politiques suisses;<\/li>\n<li>Les repr\u00e9sentants\/es des diff\u00e9rents partis politiques ou organisations politiques qui se penchent sur\u00a0la\u00a0cr\u00e9ation de l&rsquo;opinion politique, l&rsquo;organisation des processus politiques, les diff\u00e9rentes formes de consultation ou encore\u00a0les possibilit\u00e9s d&rsquo;initiatives et de r\u00e9f\u00e9rendums;<\/li>\n<li>Des repr\u00e9sentants\/es et acteurs\/trices de la soci\u00e9t\u00e9 civile qui sont sollicit\u00e9s pour s&rsquo;impliquer dans les processus politiques et pour trouver des solutions cr\u00e9atives.<\/li>\n<\/ul>\n","protected":false},"excerpt":{"rendered":"<p>Pour les visiteurs de l&rsquo;\u00e9tranger L&rsquo;offre de PolitExchange s&rsquo;adresse en premier lieu aux d\u00e9l\u00e9gations en provenance de l&rsquo;\u00e9tranger et qui s&rsquo;int\u00e9ressent aux exp\u00e9riences suisse &#8211; pas avec pour but de les copier, mais pour s&rsquo;en inspirer dans leur propre r\u00e9flexion. Par exemple: Les institutions et les administrations publiques qui d\u00e9sirent se familiariser avec le syst\u00e8me<a class=\"excerpt-read-more\" href=\"https:\/\/politexchange.ch\/fr\/focus\/pour-les-visiteurs-de-letranger\/\" title=\"ReadPour les visiteurs de l&rsquo;\u00e9tranger\">&#8230; Read more &raquo;<\/a><\/p>\n","protected":false},"author":5,"featured_media":0,"parent":136,"menu_order":0,"comment_status":"closed","ping_status":"closed","template":"template-full-width.php","meta":{"footnotes":""},"_links":{"self":[{"href":"https:\/\/politexchange.ch\/fr\/wp-json\/wp\/v2\/pages\/203"}],"collection":[{"href":"https:\/\/politexchange.ch\/fr\/wp-json\/wp\/v2\/pages"}],"about":[{"href":"https:\/\/politexchange.ch\/fr\/wp-json\/wp\/v2\/types\/page"}],"author":[{"embeddable":true,"href":"https:\/\/politexchange.ch\/fr\/wp-json\/wp\/v2\/users\/5"}],"replies":[{"embeddable":true,"href":"https:\/\/politexchange.ch\/fr\/wp-json\/wp\/v2\/comments?post=203"}],"version-history":[{"count":1,"href":"https:\/\/politexchange.ch\/fr\/wp-json\/wp\/v2\/pages\/203\/revisions"}],"predecessor-version":[{"id":204,"href":"https:\/\/politexchange.ch\/fr\/wp-json\/wp\/v2\/pages\/203\/revisions\/204"}],"up":[{"embeddable":true,"href":"https:\/\/politexchange.ch\/fr\/wp-json\/wp\/v2\/pages\/136"}],"wp:attachment":[{"href":"https:\/\/politexchange.ch\/fr\/wp-json\/wp\/v2\/media?parent=203"}],"curies":[{"name":"wp","href":"https:\/\/api.w.org\/{rel}","templated":true}]}}