{"id":251,"date":"2017-12-13T16:10:25","date_gmt":"2017-12-13T15:10:25","guid":{"rendered":"http:\/\/ayklwzkabb.cyon.link\/?page_id=251"},"modified":"2018-02-20T12:34:28","modified_gmt":"2018-02-20T11:34:28","slug":"decentralisation","status":"publish","type":"page","link":"https:\/\/politexchange.ch\/fr\/prestations\/exemples-de-voyages-detudes\/decentralisation\/","title":{"rendered":"D\u00e9centralisation"},"content":{"rendered":"<h1>Exemple \u00ab\u00a0D\u00e9centralisation\u00a0\u00bb<\/h1>\n<p><strong>D\u00e9l\u00e9gation en visite: <\/strong>fonctionnaires haut-plac\u00e9s d&rsquo;une institution d&rsquo;un pays\u00a0en charge des d\u00e9cisions strat\u00e9giques et op\u00e9rationnelles en rapport avec la d\u00e9centralisation; repr\u00e9sentants\/es de r\u00e9gions ou communes<\/p>\n<p><strong>But du voyage d&rsquo;\u00e9tudes: <\/strong>apprendre \u00e0 conna\u00eetre un syst\u00e8me d\u00e9centralis\u00e9 qui fonctionne (r\u00f4le et r\u00e9partition des t\u00e2ches entre les unit\u00e9s centrales et d\u00e9centralis\u00e9es, p\u00e9r\u00e9quation financi\u00e8re, protection juridique et surveillance, collaboration), r\u00e9flexion sur les d\u00e9fis et les solutions pour les r\u00e9soudre<\/p>\n<h2><strong>Vue d&rsquo;ensemble du programme<\/strong><\/h2>\n<p><strong>Jour 1: introduction au syst\u00e8me politique suisse<\/strong><\/p>\n<ul>\n<li>Bienvenue officielle de la d\u00e9l\u00e9gation;<\/li>\n<li>Introduction par des experts\/es (selon les int\u00e9r\u00eats sp\u00e9cifiques de la d\u00e9l\u00e9gation): institutions, processus politiques et principes du syst\u00e8me f\u00e9d\u00e9ral et d\u00e9centralis\u00e9 en Suisse (comme le compromis ou le concensus, la subsidiarit\u00e9, la p\u00e9r\u00e9quation financi\u00e8re etc.);<\/li>\n<li>Tour de Berne avec pour focus la gouvernance (institutions politiques de la Conf\u00e9d\u00e9ration, du canton, de la ville, avec des explications sur l&rsquo;organisation \u00e0 trois niveaux en Suisse).<\/li>\n<\/ul>\n<p><strong>Jour 2: les communes et leurs t\u00e2ches: visite d&rsquo;une commune citadine de la R\u00e9gion capitale suisse:<\/strong><\/p>\n<ul>\n<li>Pr\u00e9sentation\u00a0par les autorit\u00e9s communales, discussion: quelles sont les t\u00e2ches d&rsquo;une commune? Comment finance-t-elle ses t\u00e2ches? Qui prend les d\u00e9cisions, avec quelles proc\u00e9dures? Quelles sont les possibilit\u00e9s de participation des citoyens\/ennes? Comment collaborer avec les communes voisines? D\u00e9fis?<\/li>\n<li>Visite d&rsquo;une administration communales et\/ou d&rsquo;une institution communale: comment accomplit-elle ses t\u00e2ches dans un domaine de travail concret, par exemple dans le domaine de l&rsquo;approvisionnement en eau, de la gestion des d\u00e9chets, du service du feu? Comment la commune d\u00e9l\u00e8gue-t-elle des t\u00e2ches \u00e0 des priv\u00e9s (Public-Private-Partnership)?<\/li>\n<\/ul>\n<p><strong>Jour\u00a03: le r\u00f4le des cantons<\/strong><\/p>\n<ul>\n<li>Pr\u00e9sentation et discussion avec des administrations cantonales de la R\u00e9gion capitale suisse qui sont responsables de la surveillance des communes;<\/li>\n<li>Pr\u00e9sentation et discussion avec les autorit\u00e9s financi\u00e8res cantonales qui sont responsables de la p\u00e9r\u00e9quation financi\u00e8re entre les communes: les diff\u00e9rentes formes de la p\u00e9r\u00e9quation financi\u00e8re, d\u00e9fis.<\/li>\n<\/ul>\n<p><strong>Jour\u00a04: les communes et leurs t\u00e2ches: visite d&rsquo;une commune rurale de la R\u00e9gion capitale suisse (programme analogue au jour 2)\u00a0<\/strong><\/p>\n<p><strong>Jour 5: collaboration entre les communes<\/strong><\/p>\n<ul>\n<li>Pr\u00e9sentation et discussion avec les associations des communes de la R\u00e9gion capitale suisse: travail de lobby pour les communes face \u00e0 la l\u00e9gislation\u00a0et \u00e0 l&rsquo;administration cantonales, soutien des communes dans leur travail;<\/li>\n<li>Visite d&rsquo;une conf\u00e9rence r\u00e9gionale, pr\u00e9sentation et discussion.<\/li>\n<\/ul>\n<p><strong>Jour 6: r\u00e9flexion commune<\/strong><\/p>\n<ul>\n<li>Qu&rsquo;est-ce qui a surpris la d\u00e9l\u00e9gation en visite? Questions ouvertes?<\/li>\n<li>Quelles sont les conclusions que les visiteurs\/euses reprennent avec eux \u00e0 la maison?<\/li>\n<li>Comment ces conclusions peuvent-elles \u00eatre utilis\u00e9es dans le\u00a0contexte propre?<\/li>\n<\/ul>\n","protected":false},"excerpt":{"rendered":"<p>Exemple \u00ab\u00a0D\u00e9centralisation\u00a0\u00bb D\u00e9l\u00e9gation en visite: fonctionnaires haut-plac\u00e9s d&rsquo;une institution d&rsquo;un pays\u00a0en charge des d\u00e9cisions strat\u00e9giques et op\u00e9rationnelles en rapport avec la d\u00e9centralisation; repr\u00e9sentants\/es de r\u00e9gions ou communes But du voyage d&rsquo;\u00e9tudes: apprendre \u00e0 conna\u00eetre un syst\u00e8me d\u00e9centralis\u00e9 qui fonctionne (r\u00f4le et r\u00e9partition des t\u00e2ches entre les unit\u00e9s centrales et d\u00e9centralis\u00e9es, p\u00e9r\u00e9quation financi\u00e8re, protection juridique et<a class=\"excerpt-read-more\" href=\"https:\/\/politexchange.ch\/fr\/prestations\/exemples-de-voyages-detudes\/decentralisation\/\" title=\"ReadD\u00e9centralisation\">&#8230; Read more &raquo;<\/a><\/p>\n","protected":false},"author":5,"featured_media":0,"parent":156,"menu_order":0,"comment_status":"closed","ping_status":"closed","template":"template-full-width.php","meta":{"footnotes":""},"_links":{"self":[{"href":"https:\/\/politexchange.ch\/fr\/wp-json\/wp\/v2\/pages\/251"}],"collection":[{"href":"https:\/\/politexchange.ch\/fr\/wp-json\/wp\/v2\/pages"}],"about":[{"href":"https:\/\/politexchange.ch\/fr\/wp-json\/wp\/v2\/types\/page"}],"author":[{"embeddable":true,"href":"https:\/\/politexchange.ch\/fr\/wp-json\/wp\/v2\/users\/5"}],"replies":[{"embeddable":true,"href":"https:\/\/politexchange.ch\/fr\/wp-json\/wp\/v2\/comments?post=251"}],"version-history":[{"count":4,"href":"https:\/\/politexchange.ch\/fr\/wp-json\/wp\/v2\/pages\/251\/revisions"}],"predecessor-version":[{"id":375,"href":"https:\/\/politexchange.ch\/fr\/wp-json\/wp\/v2\/pages\/251\/revisions\/375"}],"up":[{"embeddable":true,"href":"https:\/\/politexchange.ch\/fr\/wp-json\/wp\/v2\/pages\/156"}],"wp:attachment":[{"href":"https:\/\/politexchange.ch\/fr\/wp-json\/wp\/v2\/media?parent=251"}],"curies":[{"name":"wp","href":"https:\/\/api.w.org\/{rel}","templated":true}]}}